{"id":885,"date":"2021-08-06T08:11:00","date_gmt":"2021-08-06T05:11:00","guid":{"rendered":"https:\/\/lmp.ee\/kohtumenetlus\/"},"modified":"2024-03-03T01:08:48","modified_gmt":"2024-03-02T23:08:48","slug":"court-proceedings-and-dispute-reolution","status":"publish","type":"page","link":"https:\/\/lmp.ee\/en\/services\/court-proceedings-and-dispute-reolution\/","title":{"rendered":"Court proceedings"},"content":{"rendered":"\n<div class=\"gutentoc tocactive nostyle\"><div class=\"gutentoc-toc-wrap\"><div class=\"gutentoc-toc-title-wrap\"><div class=\"gutentoc-toc-title\">Contents<\/div><div id=\"open\" class=\"text_open\">show<\/div><\/div><div id=\"toclist\"><div class=\"gutentoc-toc__list-wrap\"><ul class=\"gutentoc-toc__list\"><li><a href=\"#-m\u00f5ned-v\u00f5imalikud-teemad-millega-advokaadib\u00fcroo-lmp-saab-teid-kohtumenetluse-k\u00e4igus-aidata-\"><strong>Some of the matters that LMP Law Firm can help you with during court proceedings:<\/strong><\/a><\/li><ul class=\"gutentoc-toc__list\"><li><a href=\"#-1-kohtualluvuse-ja-kohaldatava-\u00f5iguse-kokkuleppeid-\"><strong>1. Agreements on jurisdiction and applicable law<\/strong><\/a><\/li><li><a href=\"#-2-l\u00e4bir\u00e4\u00e4kimised-vaidluse-kohtuv\u00e4liseks-lahendamiseks-\"><strong>2. Negotiations for out-of-court dispute resolution<\/strong><\/a><\/li><li><a href=\"#-3-esindame-kliente-kohtus-\"><strong>3. We represent our clients in court<\/strong><\/a><\/li><li><a href=\"#-4-esindame-kliente-vahekohtutes-ning-t\u00f6\u00f6vaidlus--\u00fc\u00fcri--ja-riigihangete-vaidlustuskomisjonis-\"><strong>4. We represent clients in arbitration and in labour dispute, lease and public procurement review committees<\/strong><\/a><\/li><\/ul><li><a href=\"#-n\u00f5uanded-kohtumenetluses-\"><strong>Advice in court proceedings<\/strong><\/a><\/li><\/ul><\/div><\/div><\/div><\/div>\n\n<p class=\"wp-el\">Court proceedings are legal proceedings where courts resolve disputes and decide legal matters. LMP Law Firm represents clients in a wide range of cases, from civil and criminal to administrative and arbitration proceedings, and defends clients in both\u00a0<a href=\"https:\/\/lmp.ee\/en\/services\/misdemeanour-procedure\/\">misdemeanour and criminal cases<\/a>. We provide our clients with legal advice, preparations for court proceedings, representation in court and other services related to court proceedings. Experienced attorneys-at-law can help clients defend their rights and represent their interests in court proceedings.<\/p>\n\n<h2 class=\"wp-block-heading wp-el\" id=\"-m&#xF5;ned-v&#xF5;imalikud-teemad-millega-advokaadib&#xFC;roo-lmp-saab-teid-kohtumenetluse-k&#xE4;igus-aidata-\"><strong>Some of the matters that LMP Law Firm can help you with during court proceedings:<\/strong><\/h2>\n\n<h3 class=\"wp-block-heading wp-el\" id=\"-1-kohtualluvuse-ja-kohaldatava-&#xF5;iguse-kokkuleppeid-\"><strong>1. Agreements on jurisdiction and applicable law<\/strong><\/h3>\n\n<p class=\"wp-el\">Agreements on jurisdiction and applicable law are important legal documents concluded before entering into an international agreement or when the parties want their relations to be regulated by the law of another country. The purpose of such agreements is to clarify in which country potential disputes should be settled and which law should apply to a particular dispute. The role of the law firm is to help clients understand their rights and to ensure that agreements meet their needs and are legally valid.<\/p>\n\n<h3 class=\"wp-block-heading wp-el\" id=\"-2-l&#xE4;bir&#xE4;&#xE4;kimised-vaidluse-kohtuv&#xE4;liseks-lahendamiseks-\"><strong>2. Negotiations for out-of-court dispute resolution<\/strong><\/h3>\n\n<p class=\"wp-el\">Negotiating out-of-court dispute resolution is often faster and more cost-effective than going to court. We help clients negotiate and, based on the protection of the client\u2019s interests, achieve the most favorable result possible.<\/p>\n\n<h3 class=\"wp-block-heading wp-el\" id=\"-3-esindame-kliente-kohtus-\"><strong>3. We represent our clients in court<\/strong><\/h3>\n\n<p class=\"wp-el\">Representating in court includes representation of clients in civil and administrative cases and defence in misdemeanour and criminal cases. Our team has extensive experience in litigation and provides our clients with effective legal assistance in court proceedings. We help clients build a strong litigation strategy, assess potential risks and ensure proper representation at all court instances.<\/p>\n\n<h3 class=\"wp-block-heading wp-el\" id=\"-4-esindame-kliente-vahekohtutes-ning-t&#xF6;&#xF6;vaidlus--&#xFC;&#xFC;ri--ja-riigihangete-vaidlustuskomisjonis-\"><strong>4. We represent clients in arbitration and in labour dispute, lease and public procurement review committees<\/strong><\/h3>\n\n<p class=\"wp-el\">Labour dispute, lease and public procurement review committees specialise in specific areas of law and resolve disputes in those areas. We help clients prepare for these disputes by submitting the necessary documents and representing them before the committees.<\/p>\n\n<h2 class=\"wp-block-heading wp-el\" id=\"-n&#xF5;uanded-kohtumenetluses-\"><strong>Advice in court proceedings<\/strong><\/h2>\n\n<p class=\"wp-el\">The attorneys and attorneys-at-law at LMP Law Firm have prepared some\u00a0<a href=\"https:\/\/lmp.ee\/en\/advice\/court-proceedings\/\">practical advice for court proceedings<\/a>. These are general guidelines and do not constitute legal assistance.<\/p>\n","protected":false},"excerpt":{"rendered":"<p>Court proceedings are legal proceedings where courts resolve disputes and decide legal matters. LMP Law Firm represents clients in a&#8230;<\/p>\n","protected":false},"author":1,"featured_media":0,"parent":950,"menu_order":14,"comment_status":"closed","ping_status":"closed","template":"","meta":{"_acf_changed":false,"inline_featured_image":false,"footnotes":"","_links_to":"","_links_to_target":""},"class_list":["post-885","page","type-page","status-publish","hentry"],"acf":[],"_links":{"self":[{"href":"https:\/\/lmp.ee\/en\/wp-json\/wp\/v2\/pages\/885","targetHints":{"allow":["GET"]}}],"collection":[{"href":"https:\/\/lmp.ee\/en\/wp-json\/wp\/v2\/pages"}],"about":[{"href":"https:\/\/lmp.ee\/en\/wp-json\/wp\/v2\/types\/page"}],"author":[{"embeddable":true,"href":"https:\/\/lmp.ee\/en\/wp-json\/wp\/v2\/users\/1"}],"replies":[{"embeddable":true,"href":"https:\/\/lmp.ee\/en\/wp-json\/wp\/v2\/comments?post=885"}],"version-history":[{"count":4,"href":"https:\/\/lmp.ee\/en\/wp-json\/wp\/v2\/pages\/885\/revisions"}],"predecessor-version":[{"id":3090,"href":"https:\/\/lmp.ee\/en\/wp-json\/wp\/v2\/pages\/885\/revisions\/3090"}],"up":[{"embeddable":true,"href":"https:\/\/lmp.ee\/en\/wp-json\/wp\/v2\/pages\/950"}],"wp:attachment":[{"href":"https:\/\/lmp.ee\/en\/wp-json\/wp\/v2\/media?parent=885"}],"curies":[{"name":"wp","href":"https:\/\/api.w.org\/{rel}","templated":true}]}}