{"id":890,"date":"2021-08-06T08:08:46","date_gmt":"2021-08-06T05:08:46","guid":{"rendered":"https:\/\/lmp.ee\/karistusoigus-ja-kriminaalmenetlus\/"},"modified":"2024-03-03T01:08:47","modified_gmt":"2024-03-02T23:08:47","slug":"penal-law-and-criminal-procedure","status":"publish","type":"page","link":"https:\/\/lmp.ee\/en\/services\/penal-law-and-criminal-procedure\/","title":{"rendered":"Penal law ja criminal procedure"},"content":{"rendered":"\n<div class=\"gutentoc tocactive nostyle\"><div class=\"gutentoc-toc-wrap\"><div class=\"gutentoc-toc-title-wrap\"><div class=\"gutentoc-toc-title\">Contents<\/div><div id=\"open\" class=\"text_open\">show<\/div><\/div><div id=\"toclist\"><div class=\"gutentoc-toc__list-wrap\"><ul class=\"gutentoc-toc__list\"><li><a href=\"#-mis-on-karistus\u00f5igus-\"><strong>What is penal law?<\/strong><\/a><\/li><li><a href=\"#-mis-on-kriminaalmenetlus-\"><strong>What is criminal procedure?<\/strong><\/a><\/li><li><a href=\"#-millist-abi-advokaadib\u00fcroo-lmp-pakub-\"><strong>What kind of assistance does LMP Law Firm offer?<\/strong><\/a><\/li><ul class=\"gutentoc-toc__list\"><li><a href=\"#-n\u00f5ustamine-ja-esindamine-kohtueelses-menetluses-\"><strong>Advice and representation in pre-trial procedure<\/strong><\/a><\/li><li><a href=\"#-kaitsmine-kohtus-\"><strong>Defence in court<\/strong><\/a><\/li><li><a href=\"#-abi-karistusest-tingitud-kahju-h\u00fcvitamisel-\"><strong>Compensation for damage caused in criminal proceedings<\/strong><\/a><\/li><li><a href=\"#-millistes-kriminaalasjades-kaitset-pakume-\"><strong>In which criminal matters do we offer protection?<\/strong><\/a><\/li><ul class=\"gutentoc-toc__list\"><li><a href=\"#-ametialased-kuriteod-\"><strong>Crime related to office<\/strong><\/a><\/li><li><a href=\"#-majandusalased-kuriteod-\"><strong>Economic crime<\/strong><\/a><\/li><li><a href=\"#-varavastased-kuriteod-\"><strong>Crime against property<\/strong><\/a><\/li><li><a href=\"#-isikuvastased-kuriteod-\"><strong>Crime against a person<\/strong><\/a><\/li><li><a href=\"#-narkokuriteod-\"><strong>Drug-related crime<\/strong><\/a><\/li><li><a href=\"#-meditsiiniteenustega-seotud-kuriteod-\"><strong>Medical crime<\/strong><\/a><\/li><\/ul><li><a href=\"#-advokaadib\u00fcroo-lmp-aitab-muuhulgas-j\u00e4rgmiste-k\u00fcsimuste-lahendamisel-ja-vaidlustamisel-\"><strong>Among other things, LMP Law Firm assists in resolving and challenging the following matters<\/strong>:<\/a><\/li><\/ul><\/ul><\/div><\/div><\/div><\/div>\n\n<h2 class=\"wp-block-heading wp-el\" id=\"-mis-on-karistus&#xF5;igus-\"><strong>What is penal law?<\/strong><\/h2>\n\n<p class=\"wp-el\">Penal law is the branch of law that regulates the legal consequences of criminal offences. This includes the prohibition of criminal offences, the imposition and application of penalties, and legal protection in criminal proceedings.<\/p>\n\n<h2 class=\"wp-block-heading wp-el\" id=\"-mis-on-kriminaalmenetlus-\"><strong>What is criminal procedure?<\/strong><\/h2>\n\n<p class=\"wp-el\">Criminal procedure is the process used to investigate, prosecute and adjudicate criminal offences. It usually includes police and prosecution procedures, judicial proceedings and the imposition of a sentence in the event of conviction. Criminal procedure can concern both individuals and legal persons.<\/p>\n\n<p class=\"wp-el\">LMP Law Firm assists its clients in criminal law and criminal procedure matters, both in pre-trial procedure and in court, by advice and representation. Our attorneys-at-law have in-depth knowledge of both Estonian and international penal law and criminal procedure, which allows us to represent our clients in the best possible way.<\/p>\n\n<h2 class=\"wp-block-heading wp-el\" id=\"-millist-abi-advokaadib&#xFC;roo-lmp-pakub-\"><strong>What kind of assistance does LMP Law Firm offer?<\/strong><\/h2>\n\n<h3 class=\"wp-block-heading wp-el\" id=\"-n&#xF5;ustamine-ja-esindamine-kohtueelses-menetluses-\"><strong>Advice and representation in pre-trial procedure<\/strong><\/h3>\n\n<p class=\"wp-el\">We represent clients during the pre-trial procedure, helping them communicate with the police and the prosecutor\u2019s office and protect their rights.<\/p>\n\n<h3 class=\"wp-block-heading wp-el\" id=\"-kaitsmine-kohtus-\"><strong>Defence in court<\/strong><\/h3>\n\n<p class=\"wp-el\">When a criminal case is taken to court, we assist the client in every way possible by submitting documents, attending witness hearings and otherwise defending the client\u2019s rights.<\/p>\n\n<h3 class=\"wp-block-heading wp-el\" id=\"-abi-karistusest-tingitud-kahju-h&#xFC;vitamisel-\"><strong>Compensation for damage caused in criminal proceedings<\/strong><\/h3>\n\n<p class=\"wp-el\">Not only suspects, the accused, acquitted persons and convicted offenders, but everyone who has suffered harm, including the victims and civil defendants, can claim compensation for harm caused in criminal proceedings.<\/p>\n\n<h3 class=\"wp-block-heading wp-el\" id=\"-millistes-kriminaalasjades-kaitset-pakume-\"><strong>In which criminal matters do we offer protection?<\/strong><\/h3>\n\n<h4 class=\"wp-block-heading wp-el\" id=\"-ametialased-kuriteod-\"><strong>Crime related to office<\/strong><\/h4>\n\n<p class=\"wp-el\">Crime related to office includes fraud, corruption, bribery, violation of public procurement requirements, abuse of power and more. Our experienced attorneys-at-law specialising in penal law provide legal advice and representation during both the investigation and the trial.<\/p>\n\n<h4 class=\"wp-block-heading wp-el\" id=\"-majandusalased-kuriteod-\"><strong>Economic crime<\/strong><\/h4>\n\n<p class=\"wp-el\">Economic crime covers a wide range of activities linked to the economy and the handling of financial assets. For example, this category includes breaches of accounting obligations, fraud in financial reporting, tax fraud, money laundering, corruption in business transactions and breaches of competition rules.<\/p>\n\n<p class=\"wp-el\">We have in-depth knowledge of economic and criminal law and their specific areas. We help clients with both suspicions and accusations related to economic crimes.<\/p>\n\n<h4 class=\"wp-block-heading wp-el\" id=\"-varavastased-kuriteod-\"><strong>Crime against property<\/strong><\/h4>\n\n<p class=\"wp-el\">Crime against property includes theft, robbery, fraud, embezzlement and abuse of trust.<\/p>\n\n<ul class=\"wp-el wp-block-list\">\n<li><strong>Theft<\/strong>\u00a0involves the unauthorised taking of property without the owner\u2019s consent.<\/li>\n\n\n\n<li><strong>Robbery<\/strong>\u00a0, on the other hand, is the use of physical force against property.<\/li>\n\n\n\n<li><strong>Deceit<\/strong>\u00a0is the deliberate making of false claims in order to receive assets or a service.\u00a0<strong>Fraud<\/strong> often\u00a0involves using fraudulent misinformation or deceptive behavior to steal something that belongs to another person.<\/li>\n\n\n\n<li><strong>Embezzlement<\/strong>\u00a0involves the unlawful appropriation of property.<\/li>\n\n\n\n<li><strong>Abuse of trust<\/strong>\u00a0is the abuse of a person\u2019s obligations when having the right to use someone else\u2019s property and the property is used in a different way than agreed.<\/li>\n<\/ul>\n\n<p class=\"wp-el\">We provide our clients with legal assistance in the case of crimes against property, helping them defend themselves against false accusations and ensuring a fair trial.<\/p>\n\n<h4 class=\"wp-block-heading wp-el\" id=\"-isikuvastased-kuriteod-\"><strong>Crime against a person<\/strong><\/h4>\n\n<p class=\"wp-el\">Crimes against a person are crimes that are directed at another person and harm their body, health or freedom. Examples of such offences include murder, causing bodily harm, sexual offences, trafficking in human beings and acts punishable as deprivation or restriction of liberty.<\/p>\n\n<p class=\"wp-el\">Our attorneys help clients accused of crimes against a person, securing their rights in court and representing them throughout the process.<\/p>\n\n<h4 class=\"wp-block-heading wp-el\" id=\"-narkokuriteod-\"><strong>Drug-related crime<\/strong><\/h4>\n\n<p class=\"wp-el\">We advise and represent in the event of drug-related criminal charges, including where clients are accused of possessing, selling and using drugs or committing other drug-related crimes. We give legal advice on possible defence strategies.<\/p>\n\n<h4 class=\"wp-block-heading wp-el\" id=\"-meditsiiniteenustega-seotud-kuriteod-\"><strong>Medical crime<\/strong><\/h4>\n\n<p class=\"wp-el\">Medical crime involves crime related to the provision of health care and the use of medical equipment, which may harm the health or well-being of patients. Such crimes may include, for example, violations of patient rights, the provision of inappropriate health services or misdiagnosis, fraud related to medicines or the illegal sale of medicines.<\/p>\n\n<h3 class=\"wp-block-heading wp-el\" id=\"-advokaadib&#xFC;roo-lmp-aitab-muuhulgas-j&#xE4;rgmiste-k&#xFC;simuste-lahendamisel-ja-vaidlustamisel-\"><strong>Among other things, LMP Law Firm assists in resolving and challenging the following matters<\/strong>:<\/h3>\n\n<ul class=\"wp-el wp-block-list\">\n<li>being taken into custody<\/li>\n\n\n\n<li>substituting custody for electronic monitoring or bail<\/li>\n\n\n\n<li>seizure and confiscation of property<\/li>\n\n\n\n<li>enforcement of a prison sentence<\/li>\n\n\n\n<li>release on parole<\/li>\n\n\n\n<li>surveillance activities<\/li>\n<\/ul>\n\n<p class=\"wp-el\">We advise on any issues that may arise and provide support during examination. We help make decisions in the process, as the choices can be difficult.<\/p>\n\n<p class=\"wp-el\">We also represent civil claimants and victims in criminal proceedings.<\/p>\n","protected":false},"excerpt":{"rendered":"<p>What is penal law? Penal law is the branch of law that regulates the legal consequences of criminal offences. This&#8230;<\/p>\n","protected":false},"author":1,"featured_media":0,"parent":950,"menu_order":11,"comment_status":"closed","ping_status":"closed","template":"","meta":{"_acf_changed":false,"inline_featured_image":false,"footnotes":"","_links_to":"","_links_to_target":""},"class_list":["post-890","page","type-page","status-publish","hentry"],"acf":[],"_links":{"self":[{"href":"https:\/\/lmp.ee\/en\/wp-json\/wp\/v2\/pages\/890","targetHints":{"allow":["GET"]}}],"collection":[{"href":"https:\/\/lmp.ee\/en\/wp-json\/wp\/v2\/pages"}],"about":[{"href":"https:\/\/lmp.ee\/en\/wp-json\/wp\/v2\/types\/page"}],"author":[{"embeddable":true,"href":"https:\/\/lmp.ee\/en\/wp-json\/wp\/v2\/users\/1"}],"replies":[{"embeddable":true,"href":"https:\/\/lmp.ee\/en\/wp-json\/wp\/v2\/comments?post=890"}],"version-history":[{"count":4,"href":"https:\/\/lmp.ee\/en\/wp-json\/wp\/v2\/pages\/890\/revisions"}],"predecessor-version":[{"id":3088,"href":"https:\/\/lmp.ee\/en\/wp-json\/wp\/v2\/pages\/890\/revisions\/3088"}],"up":[{"embeddable":true,"href":"https:\/\/lmp.ee\/en\/wp-json\/wp\/v2\/pages\/950"}],"wp:attachment":[{"href":"https:\/\/lmp.ee\/en\/wp-json\/wp\/v2\/media?parent=890"}],"curies":[{"name":"wp","href":"https:\/\/api.w.org\/{rel}","templated":true}]}}