{"id":921,"date":"2021-07-28T08:05:28","date_gmt":"2021-07-28T05:05:28","guid":{"rendered":"https:\/\/lmp.ee\/volaoigus\/"},"modified":"2024-07-22T13:37:25","modified_gmt":"2024-07-22T10:37:25","slug":"law-of-obligation","status":"publish","type":"page","link":"https:\/\/lmp.ee\/en\/advice\/law-of-obligation\/","title":{"rendered":"Law of obligation"},"content":{"rendered":"\n<h2 class=\"wp-block-heading wp-el\">Minuga s\u00f5lmitud lepingut rikutakse (n\u00e4iteks on Teile ehitatud maja, millel on puudused v\u00f5i Teile pole toodud tellitud kaupa). Kuidas edasi toimida?<\/h2>\n\n\n\n<p class=\"wp-el\">V\u00e4ga oluline on t\u00e4hele panna aegumist\u00e4htaegu \u2013 erinevate n\u00f5uete esitamiseks on \u00f5igusaktides erinevad t\u00e4htajad. Seej\u00e4rel tuleb hinnata, kas p\u00f6\u00f6rduda kohtu poole v\u00f5i oleks m\u00f5istlikum kasutada inkassoteenuseid. Kohtu poole p\u00f6\u00f6rdumine on vajalik eelk\u00f5ige keeruliste vaidluste puhul, kus rikkumine on vaieldav. Kohtusse p\u00f6\u00f6rdumisel on oluline korrektne menetlusdokumentide vormistamine. Inkasso aitab paremini olukordades, kus v\u00f5lgnik tunnistab oma v\u00f5lga, kuid tal n\u00e4iteks puudub &nbsp;raha oma kohustuste t\u00e4itmiseks. Sellisel juhul aitab inkassomenetleja leida v\u00f5imalusi n\u00f5uetekohaseks t\u00e4itmiseks.<\/p>\n\n\n\n<p class=\"wp-el\">NB! Sageli piisab ka sellest, kui Teid esindav jurist saadab Teie vastaspoolele p\u00f5hjendatud n\u00f5ude. Sellisel juhul hakkavad v\u00f5lgnikud sageli kaaluma kohtuvaidlusega seotud kulude ning oma kohustuse t\u00e4itmise kulude suhet ning otsustavad oma kohustused siiski t\u00e4ita. Kui aga vaidluse lahendamine j\u00e4tkub kohtus, esindab Teid jurist ning soovi korral ei pea Te ise kohtuistungile tulema.<\/p>\n\n\n\n<h3 class=\"wp-block-heading wp-el\">Teenus v\u00f5la\u00f5iguses<\/h3>\n\n\n\n<p class=\"wp-el\">N\u00f5ustame kliente lepingu\u00f5iguse ja v\u00f5la\u00f5iguse valdkonnas. Uuri l\u00e4hemalt meie\u00a0<a href=\"https:\/\/lmp.ee\/teenused\/volaoigus-ja-lepinguoigus\/\" data-type=\"page\" data-id=\"268\">v\u00f5la\u00f5iguse teenuse<\/a>\u00a0kohta.<\/p>\n","protected":false},"excerpt":{"rendered":"<p>Minuga s\u00f5lmitud lepingut rikutakse (n\u00e4iteks on Teile ehitatud maja, millel on puudused v\u00f5i Teile pole toodud tellitud kaupa). Kuidas edasi&#8230;<\/p>\n","protected":false},"author":1,"featured_media":0,"parent":947,"menu_order":80,"comment_status":"closed","ping_status":"closed","template":"","meta":{"_acf_changed":false,"inline_featured_image":false,"footnotes":"","_links_to":"","_links_to_target":""},"class_list":["post-921","page","type-page","status-publish","hentry"],"acf":[],"_links":{"self":[{"href":"https:\/\/lmp.ee\/en\/wp-json\/wp\/v2\/pages\/921","targetHints":{"allow":["GET"]}}],"collection":[{"href":"https:\/\/lmp.ee\/en\/wp-json\/wp\/v2\/pages"}],"about":[{"href":"https:\/\/lmp.ee\/en\/wp-json\/wp\/v2\/types\/page"}],"author":[{"embeddable":true,"href":"https:\/\/lmp.ee\/en\/wp-json\/wp\/v2\/users\/1"}],"replies":[{"embeddable":true,"href":"https:\/\/lmp.ee\/en\/wp-json\/wp\/v2\/comments?post=921"}],"version-history":[{"count":2,"href":"https:\/\/lmp.ee\/en\/wp-json\/wp\/v2\/pages\/921\/revisions"}],"predecessor-version":[{"id":3236,"href":"https:\/\/lmp.ee\/en\/wp-json\/wp\/v2\/pages\/921\/revisions\/3236"}],"up":[{"embeddable":true,"href":"https:\/\/lmp.ee\/en\/wp-json\/wp\/v2\/pages\/947"}],"wp:attachment":[{"href":"https:\/\/lmp.ee\/en\/wp-json\/wp\/v2\/media?parent=921"}],"curies":[{"name":"wp","href":"https:\/\/api.w.org\/{rel}","templated":true}]}}