{"id":945,"date":"2021-07-20T08:30:45","date_gmt":"2021-07-20T05:30:45","guid":{"rendered":"https:\/\/lmp.ee\/buroost\/"},"modified":"2024-07-22T13:37:52","modified_gmt":"2024-07-22T10:37:52","slug":"about-us","status":"publish","type":"page","link":"https:\/\/lmp.ee\/en\/about-us\/","title":{"rendered":"About us"},"content":{"rendered":"<div id=\"acf-block_ec1017af31589f5ea28350f33e283999\" class=\"acf-block-element block-stats overflow-hidden\"><div class=\"d-flex flex-wrap justify-content-center\"><div class=\"flex-grid-item text-center\"><p class=\"has-giant-font-size text-primary font-weight-bold\">12<\/p><p class=\"font-weight-bold\">Aastat<\/p><p class=\"has-small-font-size\">kogemust \u00f5igusvaldkonnas<\/p><\/div><div class=\"flex-grid-item text-center\"><p class=\"has-giant-font-size text-primary font-weight-bold\">2<\/p><p class=\"font-weight-bold\">B\u00fcrood<\/p><p class=\"has-small-font-size\">Tallinn \/ Tartu <\/p><\/div><div class=\"flex-grid-item text-center\"><p class=\"has-giant-font-size text-primary font-weight-bold\">8,8<\/p><p class=\"font-weight-bold\">Soovitusindeks<\/p><p class=\"has-small-font-size\">Klientide tagasiside<\/p><\/div><\/div><\/div>\n\n\n<h2 class=\"wp-block-heading wp-el\" id=\"missioon\">MISSION<\/h2>\n\n\n\n<p class=\"wp-el\">Supporting clients\u2019 personal and business accomplishments through legal security, creating positive client experiences in long-term partnerships.<\/p>\n\n\n\n<h2 class=\"wp-block-heading wp-el\" id=\"visioon\">VISION<\/h2>\n\n\n\n<p class=\"wp-el\">Being the preferred legal partner in Estonia in terms of results and personal approach.<\/p>\n\n\n\n<h2 class=\"wp-block-heading wp-el\" id=\"vaartused\">VALUES<\/h2>\n\n\n<div id=\"acf-block_79ca064ed2056c0ca83644e7e7959c4f\" class=\"acf-block-element block-icon-boxes overflow-hidden\"><div class=\"row justify-content-center\"><div class=\"col-12 col-lg-10\"><div class=\"d-flex flex-wrap justify-content-center\"><div class=\"icon-box--item\"><div class=\"icon-box--inner text-center\"><div class=\"d-flex flex-wrap align-items-center justify-content-center\"><img decoding=\"async\" src=\"https:\/\/lmp.ee\/wp-content\/uploads\/2021\/07\/open-hands.svg\" alt=\"\" \/><\/div><p class=\"has-medium-font-size text-uppercase font-weight-bold\">Avatus<\/p><\/div><\/div><div class=\"icon-box--item\"><div class=\"icon-box--inner text-center\"><div class=\"d-flex flex-wrap align-items-center justify-content-center\"><img decoding=\"async\" src=\"https:\/\/lmp.ee\/wp-content\/uploads\/2021\/07\/signs.svg\" alt=\"\" \/><\/div><p class=\"has-medium-font-size text-uppercase font-weight-bold\">Asjatundlikkus<\/p><\/div><\/div><div class=\"icon-box--item\"><div class=\"icon-box--inner text-center\"><div class=\"d-flex flex-wrap align-items-center justify-content-center\"><img decoding=\"async\" src=\"https:\/\/lmp.ee\/wp-content\/uploads\/2021\/07\/target.svg\" alt=\"\" \/><\/div><p class=\"has-medium-font-size text-uppercase font-weight-bold\">Julgus<\/p><\/div><\/div><div class=\"icon-box--item\"><div class=\"icon-box--inner text-center\"><div class=\"d-flex flex-wrap align-items-center justify-content-center\"><img decoding=\"async\" src=\"https:\/\/lmp.ee\/wp-content\/uploads\/2021\/07\/users.svg\" alt=\"\" \/><\/div><p class=\"has-medium-font-size text-uppercase font-weight-bold\">Kliendikesksus<\/p><\/div><\/div><div class=\"icon-box--item\"><div class=\"icon-box--inner text-center\"><div class=\"d-flex flex-wrap align-items-center justify-content-center\"><img decoding=\"async\" src=\"https:\/\/lmp.ee\/wp-content\/uploads\/2021\/07\/junction.svg\" alt=\"\" \/><\/div><p class=\"has-medium-font-size text-uppercase font-weight-bold\">Paindlikkus<\/p><\/div><\/div><\/div><\/div><\/div><\/div>\n\n\n<h2 class=\"wp-block-heading wp-el\" id=\"meist\">ABOUT US<\/h2>\n\n\n<div class=\"wp-block-image\">\n<figure class=\"alignright size-full\"><img decoding=\"async\" width=\"470\" height=\"49\" src=\"https:\/\/lmp.ee\/wp-content\/uploads\/2021\/08\/lf_h50.png\" alt=\"\" class=\"wp-image-585\" \/><\/figure>\n<\/div>\n\n\n<p class=\"wp-el\">Our goal is to provide only the best legal assistance to our clients. We communicate directly with clients and keep in touch throughout the assignment.<\/p>\n\n\n\n<p class=\"wp-el\">We put the client\u2019s interests first and approach each client individually to find the best solution to their problems. <strong>Making legal assistance quickly available is important to us.<\/strong><\/p>\n\n\n\n<p class=\"wp-el\">We value our employees. We have a strong team of professionals who <strong>can provide our clients with high-quality legal advice in the most specialised areas<\/strong>.<\/p>\n\n\n<div id=\"acf-block-block_5f8aad88b69342d8cae7310a8bb376c9\" class=\"acf-block-element block-container-narrow\"><div class=\"row justify-content-center\"><div class=\"col-12 col-xl-8\">\n\n<div class=\"wp-block-columns is-layout-flex wp-container-core-columns-is-layout-9d6595d7 wp-block-columns-is-layout-flex\">\n<div class=\"wp-block-column is-layout-flow wp-block-column-is-layout-flow\"><div class=\"wp-block-image\">\n<figure class=\"aligncenter size-full\"><img decoding=\"async\" width=\"300\" height=\"129\" src=\"https:\/\/lmp.ee\/wp-content\/uploads\/2021\/08\/KODA_liige_EST_logo_horiz_block.png\" alt=\"\" class=\"wp-image-341\" \/><\/figure>\n<\/div><\/div>\n\n\n\n<div class=\"wp-block-column is-layout-flow wp-block-column-is-layout-flow\"><div class=\"wp-block-image\">\n<figure class=\"aligncenter size-full\"><img decoding=\"async\" width=\"320\" height=\"134\" src=\"https:\/\/lmp.ee\/wp-content\/uploads\/2021\/08\/Kuld_horis_whitebg.png\" alt=\"\" class=\"wp-image-343\" \/><\/figure>\n<\/div><\/div>\n<\/div>\n\n\n\n<div class=\"wp-block-columns is-layout-flex wp-container-core-columns-is-layout-9d6595d7 wp-block-columns-is-layout-flex\">\n<div class=\"wp-block-column is-layout-flow wp-block-column-is-layout-flow\">\n<figure class=\"wp-block-image size-full\"><img decoding=\"async\" width=\"291\" height=\"393\" src=\"https:\/\/lmp.ee\/wp-content\/uploads\/2021\/10\/Kuvatommis-2021-10-20-152253.jpg\" alt=\"\" class=\"wp-image-1455\" \/><\/figure>\n<\/div>\n\n\n\n<div class=\"wp-block-column is-layout-flow wp-block-column-is-layout-flow\">\n<figure class=\"wp-block-image size-full\"><img decoding=\"async\" width=\"466\" height=\"620\" src=\"https:\/\/lmp.ee\/wp-content\/uploads\/2021\/10\/logo_vef_2018_Kuld.png\" alt=\"\" class=\"wp-image-1458\" \/><\/figure>\n<\/div>\n\n\n\n<div class=\"wp-block-column is-layout-flow wp-block-column-is-layout-flow\">\n<figure class=\"wp-block-image size-large\"><img decoding=\"async\" width=\"903\" height=\"1200\" src=\"https:\/\/lmp.ee\/wp-content\/uploads\/2021\/10\/logo_vef_2021_Hobe_whitebg-903x1200.png\" alt=\"\" class=\"wp-image-1461\" srcset=\"https:\/\/lmp.ee\/wp-content\/uploads\/2021\/10\/logo_vef_2021_Hobe_whitebg-903x1200.png 903w, https:\/\/lmp.ee\/wp-content\/uploads\/2021\/10\/logo_vef_2021_Hobe_whitebg.png 933w\" sizes=\"(max-width: 903px) 100vw, 903px\" \/><\/figure>\n<\/div>\n<\/div>\n\n<\/div><\/div><\/div>\n\n\n<h2 class=\"wp-block-heading wp-el\" id=\"kliendid-lmp-advokaadiburoost\">CLIENTS ABOUT LMP LAW FIRM<\/h2>\n\n\n<div id=\"acf-block_77b2b0001095ac481d2e3d2e186b7430\" class=\"acf-block-element block-clients\"><div class=\"row row-grid row-posts\"><div class=\"col-12 col-md-6 col-lg-4 col-xl-3\"><a href=\"https:\/\/fitlap.ee\/\" target=\"_blank\" id=\"client-668\" class=\"client-item d-block position-relative text-center has-small-font-size bg-white\" rel=\"noopener\"><div class=\"client-item--thumb position-absolute\"><img decoding=\"async\" width=\"200\" height=\"200\" src=\"https:\/\/lmp.ee\/wp-content\/uploads\/fly-images\/578\/heikki-magi-200x200-c.jpg\" class=\"attachment-img-100\" alt=\"Fitlap.ee soovitab Advokaadib\u00fcrood LMP\" \/><\/div><p class=\"font-weight-bold has-medium-font-size text-primary\">Heikki M\u00e4gi<\/p><p class=\"font-italic text-secondary\">Fitlap.ee<\/p><div class=\"client-item--excerpt\"><p>We do international business and fortunately the law firm LMP is able to offer us the same comprehensive legal assistance<\/p>\n<\/div><\/a><\/div><div class=\"col-12 col-md-6 col-lg-4 col-xl-3\"><a href=\"https:\/\/endover.ee\/endover\/\" target=\"_blank\" id=\"client-671\" class=\"client-item d-block position-relative text-center has-small-font-size bg-white\" rel=\"noopener\"><div class=\"client-item--thumb position-absolute\"><img decoding=\"async\" width=\"180\" height=\"180\" src=\"https:\/\/lmp.ee\/wp-content\/uploads\/fly-images\/582\/oliver-makko-200x200-c.jpg\" class=\"attachment-img-100\" alt=\"oliver-makko\" \/><\/div><p class=\"font-weight-bold has-medium-font-size text-primary\">Oliver Makko<\/p><p class=\"font-italic text-secondary\">Endover KVB juhatuse liige<\/p><div class=\"client-item--excerpt\"><p>The law firm LMP offers us the confidence that we are dealt with by specialists in the respective field<\/p>\n<\/div><\/a><\/div><div class=\"col-12 col-md-6 col-lg-4 col-xl-3\"><a href=\"https:\/\/atria.ee\/\" target=\"_blank\" id=\"client-674\" class=\"client-item d-block position-relative text-center has-small-font-size bg-white\" rel=\"noopener\"><div class=\"client-item--thumb position-absolute\"><img decoding=\"async\" width=\"200\" height=\"200\" src=\"https:\/\/lmp.ee\/wp-content\/uploads\/fly-images\/580\/olle-horm-200x200-c.jpg\" class=\"attachment-img-100\" alt=\"olle-horm\" \/><\/div><p class=\"font-weight-bold has-medium-font-size text-primary\">Olle Horm<\/p><p class=\"font-italic text-secondary\">AS Atria Eesti<\/p><div class=\"client-item--excerpt\"><p>We have used the services of the largest law firms in Estonia, but we are most satisfied with the approach of the Law Firm LMP<\/p>\n<\/div><\/a><\/div><div class=\"col-12 col-md-6 col-lg-4 col-xl-3\"><a href=\"https:\/\/arcovara.ee\/\" target=\"_blank\" id=\"client-678\" class=\"client-item d-block position-relative text-center has-small-font-size bg-white\" rel=\"noopener\"><div class=\"client-item--thumb position-absolute\"><img decoding=\"async\" width=\"200\" height=\"200\" src=\"https:\/\/lmp.ee\/wp-content\/uploads\/fly-images\/3434\/peep_arco-1-e1766421872151-200x200-c.jpg\" class=\"attachment-img-100\" alt=\"peep_arco\" \/><\/div><p class=\"font-weight-bold has-medium-font-size text-primary\">Peep-Ain Saar<\/p><p class=\"font-italic text-secondary\">Arco Vara Kinnisvarab\u00fcroo AS<\/p><div class=\"client-item--excerpt\"><p>In the case of the law firm LMP, we appreciate the fast and high-quality operation and good cooperation<\/p>\n<\/div><\/a><\/div><\/div><\/div>\n\n\n<h2 class=\"wp-block-heading wp-el\" id=\"vaata-veel\">READ MORE<\/h2>\n\n\n<div id=\"acf-block_b1ce8c07a7ed29ea5fe2a4bf75b68c8d\" class=\"acf-block-element block-boxed-links\"><div class=\"row row-grid\"><div class=\"content-block col-12 col-sm-6 col-md-4\"><a href=\"https:\/\/lmp.ee\/teenused\/perekonnaoigus\/\" class=\"position-relative h-100 d-flex flex-wrap align-items-center\" target=\"\"><span class=\"text-center w-100\"><p class=\"text-primary has-medium-font-size text-uppercase font-weight-bold\">Perekonna\u00f5igus<\/p><span class=\"d-block text-secondary has-small-font-size\">Lahutused \u00b7 Elatis \u00b7 Vara jagamine \u00b7 Hooldus\u00f5igus \u00b7 Abieluvaraleping<\/span><\/span><\/a><\/div><div class=\"content-block col-12 col-sm-6 col-md-4\"><a href=\"https:\/\/lmp.ee\/teenused\/toooigus\/\" class=\"position-relative h-100 d-flex flex-wrap align-items-center\" target=\"\"><span class=\"text-center w-100\"><p class=\"text-primary has-medium-font-size text-uppercase font-weight-bold\">T\u00f6\u00f6\u00f5igus<\/p><span class=\"d-block text-secondary has-small-font-size\">T\u00f6\u00f6lepingud \u00b7 Koondamine \u00b7 T\u00f6\u00f6kiusamine \u00b7 K\u00e4sundusleping<\/span><\/span><\/a><\/div><div class=\"content-block col-12 col-sm-6 col-md-4\"><a href=\"https:\/\/lmp.ee\/teenused\/asjaoigus\/\" class=\"position-relative h-100 d-flex flex-wrap align-items-center\" target=\"\"><span class=\"text-center w-100\"><p class=\"text-primary has-medium-font-size text-uppercase font-weight-bold\">Asja\u00f5igus<\/p><span class=\"d-block text-secondary has-small-font-size\">Hoonestus\u00f5igus \u00b7 Kaasomand \u00b7 Kinnisasjade omandamine \u00b7 Ostuees\u00f5igus<\/span><\/span><\/a><\/div><div class=\"content-block col-12 col-sm-6 col-md-4\"><a href=\"https:\/\/lmp.ee\/teenused\/vaarteomenetlus\/\" class=\"position-relative h-100 d-flex flex-wrap align-items-center\" target=\"\"><span class=\"text-center w-100\"><p class=\"text-primary has-medium-font-size text-uppercase font-weight-bold\">V\u00e4\u00e4rteomenetlus<\/p><\/span><\/a><\/div><div class=\"content-block col-12 col-sm-6 col-md-4\"><a href=\"https:\/\/lmp.ee\/teenused\/volaoigus-ja-lepinguoigus\/\" class=\"position-relative h-100 d-flex flex-wrap align-items-center\" target=\"\"><span class=\"text-center w-100\"><p class=\"text-primary has-medium-font-size text-uppercase font-weight-bold\">Lepingud<\/p><\/span><\/a><\/div><div class=\"content-block col-12 col-sm-6 col-md-4\"><a href=\"https:\/\/lmp.ee\/teenused\/ehitusoigus\/\" class=\"position-relative h-100 d-flex flex-wrap align-items-center\" target=\"\"><span class=\"text-center w-100\"><p class=\"text-primary has-medium-font-size text-uppercase font-weight-bold\">Ehitus\u00f5igus<\/p><\/span><\/a><\/div><\/div><\/div>","protected":false},"excerpt":{"rendered":"<p>MISSION Supporting clients\u2019 personal and business accomplishments through legal security, creating positive client experiences in long-term partnerships. VISION Being the&#8230;<\/p>\n","protected":false},"author":1,"featured_media":0,"parent":0,"menu_order":50,"comment_status":"closed","ping_status":"closed","template":"","meta":{"_acf_changed":false,"inline_featured_image":false,"footnotes":"","_links_to":"","_links_to_target":""},"class_list":["post-945","page","type-page","status-publish","hentry"],"acf":[],"_links":{"self":[{"href":"https:\/\/lmp.ee\/en\/wp-json\/wp\/v2\/pages\/945","targetHints":{"allow":["GET"]}}],"collection":[{"href":"https:\/\/lmp.ee\/en\/wp-json\/wp\/v2\/pages"}],"about":[{"href":"https:\/\/lmp.ee\/en\/wp-json\/wp\/v2\/types\/page"}],"author":[{"embeddable":true,"href":"https:\/\/lmp.ee\/en\/wp-json\/wp\/v2\/users\/1"}],"replies":[{"embeddable":true,"href":"https:\/\/lmp.ee\/en\/wp-json\/wp\/v2\/comments?post=945"}],"version-history":[{"count":4,"href":"https:\/\/lmp.ee\/en\/wp-json\/wp\/v2\/pages\/945\/revisions"}],"predecessor-version":[{"id":3237,"href":"https:\/\/lmp.ee\/en\/wp-json\/wp\/v2\/pages\/945\/revisions\/3237"}],"wp:attachment":[{"href":"https:\/\/lmp.ee\/en\/wp-json\/wp\/v2\/media?parent=945"}],"curies":[{"name":"wp","href":"https:\/\/api.w.org\/{rel}","templated":true}]}}