{"id":925,"date":"2021-07-28T08:03:18","date_gmt":"2021-07-28T08:03:18","guid":{"rendered":"https:\/\/lmp.ee\/perekonnaoigus-2\/"},"modified":"2021-10-11T14:26:12","modified_gmt":"2021-10-11T11:26:12","slug":"perekonnaoigus","status":"publish","type":"page","link":"https:\/\/lmp.ee\/ru\/nouanded\/perekonnaoigus\/","title":{"rendered":"\u0421\u0415\u041c\u0415\u0419\u041d\u041e\u0415 \u041f\u0420\u0410\u0412\u041e"},"content":{"rendered":"\n<h2 class=\"wp-el wp-block-heading\">Lahutus<\/h2>\n\n\n\n<h3 class=\"wp-el wp-block-heading\">Olen Eesti Vabariigi kodanik, kes on abielus v\u00e4lisriigi residendiga. Kas ma saan lahutada abielu Eestis?<\/h3>\n\n\n\n<p class=\"wp-el\">Advokaadib\u00fcrool LMP on rohkelt kogemusi piiri\u00fcleste abielude lahutamisega. Tegemist on probleemse valdkonnaga juba seet\u00f5ttu, et \u00fcldjuhul soovib kohus perekonnaasjades, et m\u00f5lemad pooled ilmuksid kohtusse. Enamasti on Eestis abielu lahutamine siiski v\u00f5imalik, kuid kindlasti on m\u00f5istlik kasutada selleks Advokaadib\u00fcroo LMP abi.<\/p>\n\n\n\n<h2 class=\"wp-el wp-block-heading\">\u00dchisvara jagamine<\/h2>\n\n\n\n<h3 class=\"wp-el wp-block-heading\">Soovin abielu lahutada. Kuidas teha seda nii, et mulle j\u00e4\u00e4ks v\u00f5imalikult suur osa \u00fchisvarast?<\/h3>\n\n\n\n<p class=\"wp-el\">Oluliseks m\u00e4rks\u00f5naks on t\u00f5endamine. Isik, kes soovib j\u00e4tta v\u00f5imalikult suure osa \u00fchisvarast endale, peab suutma t\u00f5endada, et ta on \u00fchisvara omandamisse v\u00f5i parandamisse rohkem panustanud. Samas on v\u00f5imalik tugineda muudele argumentidele, n\u00e4iteks sellele, et lapsed saaksid koos vanemaga oma lapsep\u00f5lvekodus elada. Enne abikaasaga abielu lahutuse ja \u00fchisvara jagamise plaanide arutamist on kindlasti m\u00f5istlik konsulteerida Advokaadib\u00fcroo LMP advokaatidega, et \u00fchiselt leppida kokku konkreetses tegevuskavas ning koguda v\u00f5imalikult palju t\u00f5endeid.<\/p>\n\n\n\n<h2 class=\"wp-el wp-block-heading\">Elatis<\/h2>\n\n\n\n<h3 class=\"wp-el wp-block-heading\">Last kasvatav vanem k\u00fcsib teiselt vanemalt ebam\u00f5istlikult suurt elatist. Mida teha?<\/h3>\n\n\n\n<p class=\"wp-el\">Elatise m\u00f5istab v\u00e4lja kohus ning seet\u00f5ttu on v\u00e4ga oluline kasutada Advokaadib\u00fcroo LMP advokaatide abi v\u00f5imalikult kiiresti p\u00e4rast elatisen\u00f5ude saamist. Nii on v\u00f5imalik valida vaidluses algusest peale k\u00f5ige efektiivsem positsioon ja v\u00e4ltida olukorda, kus teisel vanemal on kohtus professionaalne esindaja, kuid Teil mitte. Elatise suurus s\u00f5ltub eelk\u00f5ige m\u00f5lema vanema majanduslikust olukorrast. \u00dcldjuhul on elatise minimaalseks suuruseks 50% t\u00f6\u00f6tasu alamm\u00e4\u00e4rast (n\u00f6 miinimumpalgast) \u00fche lapse kohta, kuid m\u00f5ningatel juhtudel on v\u00f5imalik seda ka v\u00e4hendada.<\/p>\n\n\n\n<h3 class=\"wp-el wp-block-heading\">Kuidas on v\u00f5imalik suurendada kohtulahendiga v\u00e4ljam\u00f5istetud elatist?<\/h3>\n\n\n\n<p class=\"wp-el\">Riigikohtu praktikast tulenevalt on v\u00f5imalik paluda kohtul elatist suurendada alati p\u00e4rast t\u00f6\u00f6tasu alamm\u00e4\u00e4ra (nn miinimumpalga) suurenemist. Riigikohus on \u00f6elnud, et sellisel juhul ei pea vanem t\u00f5endama ka lapse vajaduste suurust. Kui aga vanem soovib lapsele elatise miinimumm\u00e4\u00e4rast suuremat elatist, peab vanem suutma t\u00f5endada ka lapsega seotud kulude suurust. M\u00f5lemal juhul tuleb aga koostada hagi kohtusse. Hagi koostamisel aitavad Teid Advokaadib\u00fcroo LMP advokaadid.<\/p>\n\n\n\n<h3 class=\"wp-el wp-block-heading\">Kes peab maksma lapsele elatist p\u00e4rast lapse elukoha muutmist?<\/h3>\n\n\n\n<p class=\"wp-el\">Kui kohus on m\u00f5istnud vanemalt lapse kasuks v\u00e4lja elatise, kuid seej\u00e4rel kolib laps elama selle sama vanema juurde, tuleb elatise maksmise kohustuse muutmiseks esitada kohtusse hagi. \u00d5iguslikult on tegemist suhteliselt keerulise konstruktsiooniga, kuid kokkuv\u00f5ttes tuleb esiteks taotleda varem v\u00e4ljam\u00f5istetud elatise v\u00e4hendamist 0-ni ja teiseks taotleda elatise v\u00e4ljam\u00f5istmist vanemalt, kelle juures laps enam ei ela. Sellise hagi esitamisel on kindlasti m\u00f5istlik kasutada Advokaadib\u00fcroo LMP advokaatide abi.<\/p>\n\n\n\n<h3 class=\"wp-el wp-block-heading\">Kas vanematel on v\u00f5imalik s\u00f5lmida kokkulepe, et \u00fcks vanematest lapsele elatist ei maksa?<\/h3>\n\n\n\n<p class=\"wp-el\">Formaalselt oleks tegemist t\u00fchise kokkuleppega, kuid samav\u00e4\u00e4rse tulemuse saavutamiseks on v\u00f5imalik vanematel s\u00f5lmida kokkulepe, kus \u00fcks vanem v\u00f5tab \u00fcle teise vanema elatise maksmise kohustuse, kasutada leppetrahve jms. Kui soovite elatisest loobumise kokkuleppe s\u00f5lmida, siis soovitame Teil kindlasti kasutada Advokaadib\u00fcroo LMP advokaatide abi, et saavutada Teie jaoks sobiv lahendus.<\/p>\n\n\n\n<h3 class=\"wp-el wp-block-heading\">Kas elatist saab n\u00f5uda ka tagantj\u00e4rgi?<\/h3>\n\n\n\n<p class=\"wp-el\">Elatise tasumist saab tagasiulatuvalt n\u00f5uda kuni \u00fche aasta eest. Pikema aja eest ei ole tagasiulatuvalt v\u00f5imalik elatist n\u00f5uda. Kui elatist tasutakse omavahelise kokkuleppe alusel, on soovituslik maksta elatist alati panga\u00fclekandega. Vastasel juhul on keeruline t\u00f5endada, et elatist on makstud ning kohus v\u00f5ib Teilt hiljem uuesti elatise v\u00e4lja m\u00f5ista. Sellise vaidluse tekkimisel on m\u00f5istlik konsulteerida Advokaadib\u00fcroo LMP advokaatidega, et arutada erinevaid v\u00f5imalusi elatise tasumise t\u00f5endamiseks.<\/p>\n\n\n\n<h2 class=\"wp-el wp-block-heading\">Lapsed<\/h2>\n\n\n\n<h3 class=\"wp-el wp-block-heading\">L\u00e4ksin abikaasast\/elukaaslasest lahku ja mul ei v\u00f5imaldata enam lapsega kohtuda. Kas mul polegi mingeid \u00f5igusi?<\/h3>\n\n\n\n<p class=\"wp-el\">Alati on k\u00f5ige m\u00f5istlikum vanemate poolt lapsega kohtumise korras rahumeelselt (kohtuv\u00e4liselt) kokku leppida. Kui aga konflikt on juba tekkinud, on parem, kui m\u00f5lemad pooled kasutavad advokaadi abi, kes tutvustab vanematele \u00f5igusaktidest tulenevaid \u00f5igusi ning kohustusi. Samuti on advokaat isik, kes aitab olukorda ratsionaalselt ning objektiivselt hinnata, mist\u00f5ttu on kompromissi s\u00f5lmimise t\u00f5en\u00e4osus suurem. Vanemate omavahelised katsed kokkuleppeid s\u00f5lmida eba\u00f5nnestuvad \u00fcldjuhul just liigse emotsionaalsuse ja solvumiste t\u00f5ttu.<\/p>\n\n\n\n<p class=\"wp-el\">Kui aga kokkuleppele siiski ei j\u00f5uta, esitab advokaat kohtule taotluse m\u00e4\u00e4rata kindlaks lapsega kohtumise kord. Enne kohtuotsuse tegemist on aga kohe p\u00e4rast kohtu poole p\u00f6\u00f6rdumist v\u00f5imalik taotleda esialgse lapsega kohtumise korra m\u00e4\u00e4ramist kohtu poolt, mida m\u00f5lemad vanemad peavad t\u00e4itma. Kokkuv\u00f5ttes on lapsega kohtumiste saavutamiseks mitu v\u00f5imalust ning Teid esindav Advokaadib\u00fcroo LMP advokaat aitab Teil valida konkreetsest situatsioonist l\u00e4htudes parim viis.<\/p>\n\n\n\n<h3 class=\"wp-el wp-block-heading\">Kas vanemalt, kes lapse vastu huvi ei tunne, on v\u00f5imalik v\u00f5tta \u00e4ra lapse hooldus\u00f5igus?<\/h3>\n\n\n\n<p class=\"wp-el\">Hooldus\u00f5igust saab piirata \u00fcksnes kohus. Kui vanem ei tunne lapse vastu mingit huvi ning ei t\u00e4ida enda kohustusi, mis tulenevad perekonnaseadusest (kohustus ja \u00f5igus hoolitseda lapse isiku eest, lapse vara eest ning otsustada lapsega seotud asju), on v\u00f5imalik p\u00f6\u00f6rduda kohtu poole ja taotleda \u00fchise hooldus\u00f5iguse l\u00f5petamist selliselt, et lapse hooldus\u00f5igus antaks osaliselt v\u00f5i t\u00e4ielikult \u00fcle teisele vanemale. Kohus teeb asjas lahendi lapse huvidest l\u00e4htuvalt.<\/p>\n\n\n\n<h3 class=\"wp-el wp-block-heading\">Vanem, kelle juures laps elab, viis lapse ilma minu loata v\u00e4lisriiki. Kas tal oli selleks \u00f5igus?<\/h3>\n\n\n\n<p class=\"wp-el\">Vanem ei v\u00f5i \u00fcldjuhul kunagi viia oma last ilma teise vanema n\u00f5usolekuta v\u00e4lisriiki. Seda v\u00f5ib k\u00e4sitelda lapser\u00f6\u00f6vina. Seet\u00f5ttu peaks vanem, kes soovib viia oma lapse v\u00e4lisriiki v\u00f5i vanem, kelle laps on viidud v\u00e4lisriiki, v\u00f5imalikult kiiresti v\u00f5tma \u00fchendust Advokaadib\u00fcroo LMP advokaatidega, et veenduda oma tegevuse seaduslikkuses ja \u00f5iguste kaitstuses.<\/p>\n\n\n\n<h3 class=\"wp-el wp-block-heading\">Teenus perekonna\u00f5iguses<\/h3>\n\n\n\n<p class=\"wp-el\">N\u00f5ustame kliente perekonna\u00f5iguslikes k\u00fcsimustes nii kohtuv\u00e4liselt kui kohtus. Tegeleme mitmete perekonna\u00f5igusega seotud teemadega. Uuri l\u00e4hemalt meie&nbsp;<a href=\"https:\/\/lmp.ee\/ru\/perekonnaoigus\/\" data-type=\"page\" data-id=\"272\">perekonna\u00f5iguse teenuse<\/a>&nbsp;kohta.<\/p>\n","protected":false},"excerpt":{"rendered":"<p>Lahutus Olen Eesti Vabariigi kodanik, kes on abielus v\u00e4lisriigi residendiga. Kas ma saan lahutada abielu Eestis? Advokaadib\u00fcrool LMP on rohkelt&#8230;<\/p>\n","protected":false},"author":1,"featured_media":0,"parent":946,"menu_order":60,"comment_status":"closed","ping_status":"closed","template":"","meta":{"_acf_changed":false,"inline_featured_image":false,"footnotes":"","_links_to":"","_links_to_target":""},"class_list":["post-925","page","type-page","status-publish","hentry"],"acf":[],"_links":{"self":[{"href":"https:\/\/lmp.ee\/ru\/wp-json\/wp\/v2\/pages\/925","targetHints":{"allow":["GET"]}}],"collection":[{"href":"https:\/\/lmp.ee\/ru\/wp-json\/wp\/v2\/pages"}],"about":[{"href":"https:\/\/lmp.ee\/ru\/wp-json\/wp\/v2\/types\/page"}],"author":[{"embeddable":true,"href":"https:\/\/lmp.ee\/ru\/wp-json\/wp\/v2\/users\/1"}],"replies":[{"embeddable":true,"href":"https:\/\/lmp.ee\/ru\/wp-json\/wp\/v2\/comments?post=925"}],"version-history":[{"count":2,"href":"https:\/\/lmp.ee\/ru\/wp-json\/wp\/v2\/pages\/925\/revisions"}],"predecessor-version":[{"id":1243,"href":"https:\/\/lmp.ee\/ru\/wp-json\/wp\/v2\/pages\/925\/revisions\/1243"}],"up":[{"embeddable":true,"href":"https:\/\/lmp.ee\/ru\/wp-json\/wp\/v2\/pages\/946"}],"wp:attachment":[{"href":"https:\/\/lmp.ee\/ru\/wp-json\/wp\/v2\/media?parent=925"}],"curies":[{"name":"wp","href":"https:\/\/api.w.org\/{rel}","templated":true}]}}