{"id":930,"date":"2021-07-28T08:00:16","date_gmt":"2021-07-28T08:00:16","guid":{"rendered":"https:\/\/lmp.ee\/kohtumenetlus-2\/"},"modified":"2021-10-08T17:32:50","modified_gmt":"2021-10-08T14:32:50","slug":"kohtumenetlus","status":"publish","type":"page","link":"https:\/\/lmp.ee\/ru\/nouanded\/kohtumenetlus\/","title":{"rendered":"\u0421\u0423\u0414\u0415\u0411\u041d\u041e\u0415 \u0420\u0410\u0417\u0411\u0418\u0420\u0410\u0422\u0415\u041b\u042c\u0421\u0422\u0412\u041e"},"content":{"rendered":"\n<h2 class=\"wp-el wp-block-heading\">Minu vastu esitati hagi. Mida pean n\u00fc\u00fcd tegema?<\/h2>\n\n\n\n<p class=\"wp-el\">Kohtumenetluses on kohtule vastamise t\u00e4htajad k\u00fcllaltki l\u00fchikesed. Kindlasti ei tohi j\u00e4tta kohtule vastamata, kuna sellisel juhul m\u00f5istetakse Teilt vastaspoole n\u00f5utu v\u00e4lja ja Teie \u00f5igused j\u00e4\u00e4vad t\u00e4ielikult kaitsmata. Ka olukorras, kus leiate, et Teie vastu n\u00f5ude esitamine on t\u00e4iesti alusetu, ei tohi j\u00e4tta kohtule vastamata. Korrektse dokumentatsiooni vormistamisel ja kohtuga suhtlemisel saab teid aidata juriidiline n\u00f5ustaja. Professionaaloskab leida \u00f5igusaktidest Teie v\u00e4idete toetuseks \u00f5iged s\u00e4tted. Samuti saate Te koost\u00f6\u00f6s juristiga kujundada k\u00f5ige efektiivsema strateegia.<\/p>\n\n\n\n<h2 class=\"wp-el wp-block-heading\">Pean p\u00f6\u00f6rduma oma \u00f5iguste kaitsmiseks kohtu poole. Kas see on sellega seotud kulusid arvestades \u00fcldse m\u00f5istlik?<\/h2>\n\n\n\n<p class=\"wp-el\">Sellises olukorras tuleb hinnata Teie n\u00f5uete (kui soovite kellegi vastu hagi esitada) v\u00f5i Teie vastuv\u00e4idete (kui Teie vastu on esitatud hagi) p\u00f5hjendatust. \u00dcldjuhul on alati m\u00f5istlik kohtuvaidlust alustada olukorras, kus Teie positsioon on tugev ning on suur t\u00f5en\u00e4osus, et kohus teeb otsuse Teie kasuks. Sellisel juhul peab \u00fcldjuhul ka vastaspool h\u00fcvitama Teie kohtukulud (Teie poolt juristile makstud tasu ja eelnevalt tasutud riigil\u00f5ivu).<\/p>\n\n\n\n<p class=\"wp-el\">Samuti v\u00f5ib kohtumenetlus olla m\u00f5istlik juhul, kui Teie positsioon pole esmapilgul v\u00e4ga tugev. Pole v\u00e4listatud, et \u00f5nnestub leida piisavalt p\u00f5hjendusi ning t\u00f5endeid, et kohus teeks otsuse Teie kasuks. Samuti on kohtumenetluse k\u00e4igus v\u00f5imalik s\u00f5lmida kompromiss (kohus eelistab seda, et pooled saavutavad kompromissi) ning kompromissi korral on l\u00f5pplahend \u00fcldjuhul alati Teie jaoks kasulikum, kui olete muidu menetluslikult n\u00f5rgas positsioonis.<\/p>\n\n\n\n<h2 class=\"wp-el wp-block-heading\">Eestis tehti minu kasuks kohtuotsus, kuid vastaspool elab v\u00e4lismaal. Kuidas ma kohtuotsuse t\u00e4itmist n\u00f5uda saan?<\/h2>\n\n\n\n<p class=\"wp-el\">Kohtuotsuse v\u00e4lismaal t\u00e4itmiseks peab v\u00e4lisriik Eesti kohtuostust tunnustama. Eesti kohtuostuste tunnustamise menetlus erineb eri riikides. T\u00e4psemalt kirjeldab kohtuotsuse tunnustamise protseduuri Teie n\u00f5ustaja.<\/p>\n\n\n\n<h3 class=\"wp-el wp-block-heading\">Esindame oma kliente kohtumenetlustes<\/h3>\n\n\n\n<p class=\"wp-el\">LMP advokaadid ja vandeadvokaadid esindavad kliente ka&nbsp;<a href=\"https:\/\/lmp.ee\/ru\/kohtumenetlus\/\"><strong>kohtumenetlustes<\/strong><\/a>:<\/p>\n\n\n\n<ul class=\"wp-el wp-block-list\"><li>aitame s\u00f5lmida kohtualluvuse ja kohaldatava \u00f5iguse kokkuleppeid;<\/li><li>peame l\u00e4bir\u00e4\u00e4kimisi vaidluse kohtuv\u00e4liseks lahendamiseks;<\/li><li>esindame kliente kohtutes tsiviil- ja haldusasjades ning kaitseme v\u00e4\u00e4rteo- ja kriminaalasjades;<\/li><li>esindame kliente vahekohtutes ning t\u00f6\u00f6vaidlus-, \u00fc\u00fcri- ja riigihangete vaidlustuskomisjonis.<\/li><\/ul>\n","protected":false},"excerpt":{"rendered":"<p>Minu vastu esitati hagi. Mida pean n\u00fc\u00fcd tegema? Kohtumenetluses on kohtule vastamise t\u00e4htajad k\u00fcllaltki l\u00fchikesed. Kindlasti ei tohi j\u00e4tta kohtule&#8230;<\/p>\n","protected":false},"author":1,"featured_media":0,"parent":946,"menu_order":40,"comment_status":"closed","ping_status":"closed","template":"","meta":{"_acf_changed":false,"inline_featured_image":false,"footnotes":"","_links_to":"","_links_to_target":""},"class_list":["post-930","page","type-page","status-publish","hentry"],"acf":[],"_links":{"self":[{"href":"https:\/\/lmp.ee\/ru\/wp-json\/wp\/v2\/pages\/930","targetHints":{"allow":["GET"]}}],"collection":[{"href":"https:\/\/lmp.ee\/ru\/wp-json\/wp\/v2\/pages"}],"about":[{"href":"https:\/\/lmp.ee\/ru\/wp-json\/wp\/v2\/types\/page"}],"author":[{"embeddable":true,"href":"https:\/\/lmp.ee\/ru\/wp-json\/wp\/v2\/users\/1"}],"replies":[{"embeddable":true,"href":"https:\/\/lmp.ee\/ru\/wp-json\/wp\/v2\/comments?post=930"}],"version-history":[{"count":1,"href":"https:\/\/lmp.ee\/ru\/wp-json\/wp\/v2\/pages\/930\/revisions"}],"predecessor-version":[{"id":1212,"href":"https:\/\/lmp.ee\/ru\/wp-json\/wp\/v2\/pages\/930\/revisions\/1212"}],"up":[{"embeddable":true,"href":"https:\/\/lmp.ee\/ru\/wp-json\/wp\/v2\/pages\/946"}],"wp:attachment":[{"href":"https:\/\/lmp.ee\/ru\/wp-json\/wp\/v2\/media?parent=930"}],"curies":[{"name":"wp","href":"https:\/\/api.w.org\/{rel}","templated":true}]}}