{"id":932,"date":"2021-07-28T07:59:15","date_gmt":"2021-07-28T07:59:15","guid":{"rendered":"https:\/\/lmp.ee\/kinnisasjad\/"},"modified":"2021-10-08T17:32:00","modified_gmt":"2021-10-08T14:32:00","slug":"kinnisasjad","status":"publish","type":"page","link":"https:\/\/lmp.ee\/ru\/nouanded\/kinnisasjad\/","title":{"rendered":"\u041f\u0420\u0410\u0412\u041e \u041d\u0410 \u0421\u041e\u0411\u0421\u0422\u0412\u0415\u041d\u041d\u041e\u0421\u0422\u042c"},"content":{"rendered":"\n<h2 class=\"wp-el wp-block-heading\">Olen kinnisasja kaasomanik ning mul on tekkinud konflikt teise kaasomanikuga. Mida teha?<\/h2>\n\n\n\n<p class=\"wp-el\">Kui kaasomanikud ei suuda ise kaasomandiga seotud k\u00fcsimustes kokku leppida, saab p\u00f6\u00f6rduda kohtu poole, kes lahendab poolte vaidluse. Sellises olukorras v\u00f5ib kaaluda ka kaasomandi l\u00f5petamise v\u00f5imalusi \u2013 n\u00e4iteks kogu kinnisasja omandamist v\u00f5i enda osa v\u00f5\u00f5randamist. Kaasomandiga seotud vaidlused on sageli emotsionaalsed ning sellisel juhul on kasulik kasutada teise kaasomanikuga suhtlemiseks juristi abi, kes suudab tekkinud konflikti objektiivselt hinnata.<\/p>\n\n\n\n<h2 class=\"wp-el wp-block-heading\">Naaber soovib kasutada minu erateed v\u00f5i teha endale tee minu maa peale. Kas tal on selleks \u00f5igus?<\/h2>\n\n\n\n<p class=\"wp-el\">Poolte kokkuleppel saab seda alati teha. Kui Te ei soovi enda teed\/maad naabrile kasutada anda, siis peab naaber esitama Teie vastu hagi ning kohtu kaudu n\u00f5udma juurdep\u00e4\u00e4su oma kinnistule. See, kas kohus sellise hagi rahuldab, s\u00f5ltub konkreetsetest asjaoludest \u2013 muu tee kasutamise v\u00f5imalusest v\u00f5i muu kinnistu kasutamises v\u00f5imalusest. Igal konkreetsel juhul hindab k\u00f5ige adekvaatsemalt jurist Teie v\u00f5imalusi oma \u00f5igusi kaitsta. Kui aga peate lubama oma teed\/maad kasutada, peab naaber Teile selle eest tasu maksma.<\/p>\n","protected":false},"excerpt":{"rendered":"<p>Olen kinnisasja kaasomanik ning mul on tekkinud konflikt teise kaasomanikuga. Mida teha? Kui kaasomanikud ei suuda ise kaasomandiga seotud k\u00fcsimustes&#8230;<\/p>\n","protected":false},"author":1,"featured_media":0,"parent":946,"menu_order":30,"comment_status":"closed","ping_status":"closed","template":"","meta":{"_acf_changed":false,"inline_featured_image":false,"footnotes":"","_links_to":"","_links_to_target":""},"class_list":["post-932","page","type-page","status-publish","hentry"],"acf":[],"_links":{"self":[{"href":"https:\/\/lmp.ee\/ru\/wp-json\/wp\/v2\/pages\/932","targetHints":{"allow":["GET"]}}],"collection":[{"href":"https:\/\/lmp.ee\/ru\/wp-json\/wp\/v2\/pages"}],"about":[{"href":"https:\/\/lmp.ee\/ru\/wp-json\/wp\/v2\/types\/page"}],"author":[{"embeddable":true,"href":"https:\/\/lmp.ee\/ru\/wp-json\/wp\/v2\/users\/1"}],"replies":[{"embeddable":true,"href":"https:\/\/lmp.ee\/ru\/wp-json\/wp\/v2\/comments?post=932"}],"version-history":[{"count":1,"href":"https:\/\/lmp.ee\/ru\/wp-json\/wp\/v2\/pages\/932\/revisions"}],"predecessor-version":[{"id":1211,"href":"https:\/\/lmp.ee\/ru\/wp-json\/wp\/v2\/pages\/932\/revisions\/1211"}],"up":[{"embeddable":true,"href":"https:\/\/lmp.ee\/ru\/wp-json\/wp\/v2\/pages\/946"}],"wp:attachment":[{"href":"https:\/\/lmp.ee\/ru\/wp-json\/wp\/v2\/media?parent=932"}],"curies":[{"name":"wp","href":"https:\/\/api.w.org\/{rel}","templated":true}]}}