{"id":937,"date":"2021-07-20T08:32:09","date_gmt":"2021-07-20T08:32:09","guid":{"rendered":"https:\/\/lmp.ee\/andmekaitse-2\/"},"modified":"2021-10-08T17:25:53","modified_gmt":"2021-10-08T14:25:53","slug":"andmekaitse","status":"publish","type":"page","link":"https:\/\/lmp.ee\/ru\/nouanded\/andmekaitse\/","title":{"rendered":"\u0417\u0410\u0429\u0418\u0422\u0410 \u0414\u0410\u041d\u041d\u042b\u0425"},"content":{"rendered":"\n<h2 class=\"wp-el wp-block-heading\">Andmekaitse reform<\/h2>\n\n\n\n<p class=\"wp-el\">2016. aasta 14. aprillil kiitis Euroopa Parlament heaks isikuandmete kaitse \u00fcldm\u00e4\u00e4ruse, millega asendatakse senine andmekaitsedirektiiv. Uus m\u00e4\u00e4rus on otsekohalduv, mis t\u00e4hendab, et koos siseriiklike rakendusaktidega hakkab see asendama ka senist Eesti isikuandmete kaitse seadust. M\u00e4\u00e4rus j\u00f5ustus 24.05.2016 ning seda hakatakse kohaldama p\u00e4rast kaheaastast \u00fcleminekuaega, alates 25. maist 2018. a. M\u00e4\u00e4rus puudutab ettev\u00f5tjaid ja muid juriidilisi isikuid, kes tegelevad isikuandmete t\u00f6\u00f6tlemisega. Isikuandmete t\u00f6\u00f6tlemine t\u00e4hendab \u00fcldm\u00e4\u00e4ruse j\u00e4rgi n\u00e4iteks isikuandmete kogumist, dokumenteerimist, s\u00e4ilitamist jne. Isikuandmete t\u00f6\u00f6tlemiseks v\u00f5ib lugeda n\u00e4iteks olukordi, kus ettev\u00f5ttel on kliendiandmebaas v\u00f5i kliendilojaalsusprogramm, ettev\u00f5te s\u00e4ilitab t\u00f6\u00f6tajate CV-sid v\u00f5i klientide e-posti aadresseid, koduseid aadresseid, pilte, turvakaamera salvestisi, telefoninumbreid ja muid selliseid andmeid.<\/p>\n\n\n\n<p class=\"wp-el\">Kuna andmekaitsem\u00e4\u00e4rus toob kaasa nii m\u00f5nedki muudatused, hakkab Eestis kehtima ka uuenenud isikuandmete kaitse seadus. Kasutades nii isikuandmete kaitse seaduse eeln\u00f5ud, seletuskirja kui isikuandmete kaitse \u00fcldm\u00e4\u00e4rust, on advokaadib\u00fcroo LMP kokkuv\u00f5tlikult toonud v\u00e4lja p\u00f5hilised punktid, mida ettev\u00f5tja peaks isikuandmete t\u00f6\u00f6tlemise kohta teadma.<\/p>\n\n\n\n<h2 class=\"wp-el wp-block-heading\">Mis on isikuandmed?<\/h2>\n\n\n\n<p class=\"wp-el\">Isikuandmeteks loetakse k\u00f5iki andmeid tuvastatud v\u00f5i tuvastatava f\u00fc\u00fcsilise isiku kohta, mis v\u00e4ljendavad isiku f\u00fc\u00fcsilisi, ps\u00fc\u00fchilisi, f\u00fcsioloogilisi, majanduslikke, kultuurilisi v\u00f5i sotsiaalseid omadusi, suhteid ja kuuluvust. Seega tuleb isikuandmetena k\u00e4sitleda k\u00f5iki andmeid, mis kasv\u00f5i kaudseltki on f\u00fc\u00fcsilise isikuga seostatavad. Seaduse j\u00e4rgi jagunevad isikuandmed n\u00f6 \u201ctavalisteks\u201d ja eriliiki isikuandmeteks. Tavalised isikuandmed on n\u00e4iteks \u2013 nimi, elukoht, isiku pilt, turvakaamera salvestis, \u201cReporteri\u201d klipp, kust on v\u00f5imalik inimene tuvastada jne.<\/p>\n\n\n\n<p class=\"wp-el\">Eriliiki isikuandmed on andmed, millest ilmneb v\u00f5i ilmnevad rassiline v\u00f5i etniline p\u00e4ritolu, poliitilised vaated, usulised v\u00f5i filosoofilised veendumused, geneetilised andmed, biomeetrilised andmed, terviseandmed v\u00f5i andmed f\u00fc\u00fcsilise isiku seksuaalelu v\u00f5i seksuaalse s\u00e4ttumuse kohta. Selliste isikuandmete t\u00f6\u00f6tlemine on keelatud v. a erandjuhtudel. Erandjuhtudeks on uue isikuandmete kaitse seaduse ja \u00fcldm\u00e4\u00e4ruse j\u00e4rgi n\u00e4iteks olukord, kus t\u00f6\u00f6tlemine on vajalik olulise avaliku huviga seotud p\u00f5hjustel v\u00f5i kui t\u00f6\u00f6tlemine on vajalik, et ennetada ohtu avalikule korrale v\u00f5i riiklikule julgeolekule. Avaliku huvi definitsiooni kehtivast \u00f5igusest ei leia. Avalik huvi on v\u00e4ga abstraktne m\u00f5iste, aga \u00fcheks m\u00e4\u00e4ratluseks v\u00f5ib lugeda selle, et avalik huvi on suunatud avaliku h\u00fcve loomisele v\u00f5i s\u00e4ilitamisele.[1]<\/p>\n\n\n\n<h2 class=\"wp-el wp-block-heading\">Kas uus andmekaitsem\u00e4\u00e4rus puudutab Sind ja Sinu ettev\u00f5tet?<\/h2>\n\n\n\n<p class=\"wp-el\">\u00c4ri\u00fchingud, kes peaksid \u00fcle vaatama oma isikuandmete t\u00f6\u00f6tlemise p\u00f5him\u00f5tted:<\/p>\n\n\n\n<ul class=\"wp-el wp-block-list\"><li>Kinnisvaraga tegelevad ettev\u00f5tted (nt. kinnisvarab\u00fcrood)<\/li><li>Finants- ja kindlustustegevusega tegelevad ettev\u00f5tted (nt. pangad, laenuandjad, kindlustusfirmad)<\/li><li>Posti ja neti teel jaem\u00fc\u00fcgiga tegelevad ettev\u00f5tted (nt. e-poed)<\/li><li>Haldus- ja abitegevustega tegelevad ettev\u00f5tted (nt. reisib\u00fcrood, inkasso)<\/li><li>Tervishoiuteenuse- ja sotsiaalhoolekandeteenuseosutajad (sh. \u00fcldarstiabi, perearstikeskused, \u00f5endusabi, hambaravi)<\/li><li>Info ja sidega tegelevad ettev\u00f5tted (nt. veebiportaalid, ajakirjade kirjastused, telekommunikatsioon)<\/li><li>Kutse-, teaduse- ja tehnikaalase tegevusega tegelevad \u00e4ri\u00fchingud (nt. reklaami vahendamine, turuuuringute tegijad, k\u00fcsitlejad)<\/li><li>Majutusega tegelevad ettev\u00f5tted (nt. hotellid, motellid, k\u00fclalistemajad)<\/li><\/ul>\n\n\n\n<h2 class=\"wp-el wp-block-heading\">Millistel juhtudel on isikuandmete t\u00f6\u00f6tlemine seaduslik ja lubatud?<\/h2>\n\n\n\n<p class=\"wp-el\">Isikuandmete t\u00f6\u00f6tlemine on seaduslik, kui on t\u00e4idetud v\u00e4hemalt \u00fcks m\u00e4\u00e4ruse artiklis 6 lg-s 1 s\u00e4testatud tingimustest:<\/p>\n\n\n\n<ol class=\"wp-el wp-block-list\"><li>Isiku n\u00f5usolek t\u00f6\u00f6delda oma isikuandmeid \u00fchel v\u00f5i konkreetsel eesm\u00e4rgil \u2013<em>n\u00e4iteks peab veebilehe haldaja k\u00fcsima kliendilt kinnitust, kas viimane lubab oma isikuandmeid teatud eesm\u00e4rgil kasutada (eesm\u00e4rgiks n\u00e4iteks tellimuse t\u00e4itmine vms).<\/em><\/li><li>Isikuandmete t\u00f6\u00f6tlemine on vajalik isiku osalusel s\u00f5lmitud lepingu t\u00e4itmiseks \u2013 siia alla kuuluvad \u00fcksk\u00f5ik millise lepingu s\u00f5lmimised<em>. N\u00e4iteks juhul kui klient tellib endale e-poe kaudu tooteid pakiautomaati. PS! Pea meeles, et lepingu s\u00f5lmimisel ei k\u00fcsitaks liigselt palju andmeid kliendi kohta. N\u00e4iteks eelmainitud pakiautomaati kauba tellimisel, ei peaks klient avaldama oma kodust aadressi.<\/em><\/li><li>Isikuandmete t\u00f6\u00f6tlemine on vajalik juriidilise kohustuse t\u00e4itmiseks \u2013 siin m\u00f5eldakse selliseid andmet\u00f6\u00f6tleja kohustusi, mis tulenevad seadusest.&nbsp;<em>N\u00e4iteks on kasiinodel hasartm\u00e4nguseadusest tulenevalt kohustus kasiinosse sisenejatelt k\u00fcsida isikuandmeid<\/em>.<\/li><li>Isikuandmete t\u00f6\u00f6tlemine on vajalik andmesubjekti v\u00f5i m\u00f5ne muu f\u00fc\u00fcsilise isiku eluliste huvide kaitsmiseks v\u00f5i isikuandmete t\u00f6\u00f6tlemine on vajalik avalikes huvides oleva \u00fclesande t\u00e4itmiseks v\u00f5i vastutava t\u00f6\u00f6tleja avaliku v\u00f5imu teostamiseks.&nbsp;<em>\u00dcldm\u00e4\u00e4ruse j\u00e4rgi v\u00f5ib m\u00f5nda liiki isikuandmete t\u00f6\u00f6tlus teenida nii kaalukaid avalikke huve kui ka andmesubjekti elulisi huve, n\u00e4iteks juhul, kui t\u00f6\u00f6tlemine on vajalik humanitaareesm\u00e4rkidel, sealhulgas epideemia ja selle leviku j\u00e4lgimiseks, v\u00f5i humanitaarh\u00e4daolukordades, eriti loodus\u00f5nnetuste ja inimtegevusest tingitud \u00f5nnetuste korral.<\/em><\/li><\/ol>\n\n\n\n<h2 class=\"wp-el wp-block-heading\">Millised on andmesubjekti ehk isiku, kelle andmeid t\u00f6\u00f6deldakse, \u00f5igused?<\/h2>\n\n\n\n<ul class=\"wp-el wp-block-list\"><li>\u00d5igus saada teavet ja tema kohta k\u00e4ivaid isikuandmeid<\/li><\/ul>\n\n\n\n<p class=\"wp-el\">Eesm\u00e4rgiks on tagada, et f\u00fc\u00fcsilisel isikul oleks v\u00f5imalik teada, kas tema isikuandmeid t\u00f6\u00f6deldakse, ja selleks, et kontrollida sellise t\u00f6\u00f6tlemise seaduslikkust, \u00f5igust tutvuda andmetega, mis on tema kohta kogutud. Andmesubjektil on esmalt \u00f5igus saada vastutavalt t\u00f6\u00f6tlejalt kinnitus selle kohta, kas teda k\u00e4sitlevaid isikuandmeid t\u00f6\u00f6deldakse. Juhul kui isikuandmeid t\u00f6\u00f6deldake, on isikuandmete t\u00f6\u00f6tlejal &nbsp;kohustus teha andmesubjektile teatavaks, millist teavet t\u00f6\u00f6tleja on kohustatud avaldama. Igal andmesubjektil peab olema \u00f5igus teada isikuandmete t\u00f6\u00f6tlemise eesm\u00e4rke, t\u00f6\u00f6tlemise ajavahemikku ja andmete vastuv\u00f5tjaid, sealhulgas kolmandates riikides, ning saada eelneva kohta teavet. K\u00f5nealuse \u00f5iguse tagamiseks piisab kui andmesubjektil on olemas arusaadaval kujul nimetatud andmete t\u00e4ielik kokkuv\u00f5te ehk andmed kujul, mis v\u00f5imaldab tal saada nendest andmetest teadlikuks ning kontrollida, et need on \u00f5iged ja neid t\u00f6\u00f6deldakse isikuandmete kaitse seaduse kohaselt. Andmete t\u00f6\u00f6tleja v\u00f5ib teabe andmisest keelduda, piirata selle esitamist v\u00f5i esitada hiljem juhul, kui see v\u00f5ib takistada v\u00f5i kahjustada s\u00fc\u00fcteo t\u00f5kestamist, avastamist, menetlemist v\u00f5i karistuste t\u00e4ideviimist, kahjustada teise isiku \u00f5igusi ja vabadusi ning juhul, kui teabe avaldamine v\u00f5ib kahjustada riiklikku julgeolekut.<\/p>\n\n\n\n<ul class=\"wp-el wp-block-list\"><li>\u00d5igus n\u00f5uda isikuandmete t\u00f6\u00f6tlemise l\u00f5petamist, isikuandmete parandamist, sulgemist, kustutamist<\/li><\/ul>\n\n\n\n<p class=\"wp-el\">Andmesubjektil on \u00f5igus n\u00f5uda isikuandmete parandamist ja kustutamist eelk\u00f5ige juhul, kui tegemist on faktidel p\u00f5hinevate andmetega. Andmesubjektil on eelk\u00f5ige \u00f5igus n\u00f5uda isikuandmete kustutamist, kui isikuandmete t\u00f6\u00f6tlemine ei ole seaduse alusel lubatud v\u00f5i rikub isikuandmete t\u00f6\u00f6tlemise p\u00f5him\u00f5tteid.<\/p>\n\n\n\n<ul class=\"wp-el wp-block-list\"><li>\u201c\u00d5igus olla unustatud\u201d<\/li><\/ul>\n\n\n\n<p class=\"wp-el\">Andmekaitse \u00fcldm\u00e4\u00e4rusega kaasnev uuendus, mis t\u00e4hendab, et f\u00fc\u00fcsilisel isikul on \u00f5igus n\u00f5uda, et andmet\u00f6\u00f6tleja kustutaks viivituseta teda puututavad isikuandmed. Selline \u00f5igus kehtib n\u00e4iteks&nbsp; juhul, kui andmet\u00f6\u00f6tlejal ei ole enam isikuandmeid vaja sellel eesm\u00e4rgil, millega seoses need koguti v\u00f5i t\u00f6\u00f6deldi \u2013 n\u00e4iteks kui ettev\u00f5te s\u00e4ilitab CV-sid tuleviku tarbeks, v\u00f5ib isik igal ajal n\u00f5uda CV kustutamist. Lisanduvad muud \u00fcldm\u00e4\u00e4ruse artiklis 17 s\u00e4testatud juhud, mh kui isik v\u00f5tab andmete t\u00f6\u00f6tlemiseks antud n\u00f5usoleku tagasi v\u00f5i kui isikuandmeid on t\u00f6\u00f6deldud ebaseaduslikult.<\/p>\n\n\n\n<ul class=\"wp-el wp-block-list\"><li>Andmete \u00fclekandmise \u00f5igus<\/li><\/ul>\n\n\n\n<p class=\"wp-el\">Suurim sisuline muutus, mis ootab kogu erasektorit, on isikuandmete \u00fclekantavus. Inimene v\u00f5ib v\u00f5tta oma digitaalandmed ettev\u00f5ttest A ning viia need ettev\u00f5ttesse B. See t\u00e4endab, et inimesel on \u00f5igus k\u00fcsida ja saada andmet\u00f6\u00f6tlejalt k\u00f5ik teda puudutavaid isikuandmed, mida inimene on andmet\u00f6\u00f6tlejale edastanud. Edastamise all tuleb k\u00e4sitleda k\u00f5iki andmeid, mida inimene edastab otseselt kas ise v\u00f5i edastatakse andmet\u00f6\u00f6tlejale inimese m\u00f5ne tegevuse k\u00e4igus. N\u00e4iteks veebivormide t\u00e4itmine (e-poe, sotsiaalmeedia konto loomine) v\u00f5i e-kirja saatmine, samuti nutiseadme kasutamisel sideoperaatorile edastatud andmed (nt helistaja asukoht, k\u00f5ne adressaat). Aga ka kliendikaardiga registreeritud ostud poes v\u00f5i andmed (nt pulsisagedus, sammude arv), mida inimese aktiivsusmonitor edastab n\u00e4iteks toitumisn\u00f5ustajale. Andmete \u00fclekandmist tuleb kohaldada ainult nendele andmetele, mille t\u00f6\u00f6tlemise aluseks on kas inimese n\u00f5usolek v\u00f5i inimese ja andmet\u00f6\u00f6tleja vahel s\u00f5lmitud leping. Seega kui andmet\u00f6\u00f6tlus toimub ainult seaduse alusel, siis \u00f5igus andmete \u00fclekandmisele ei kohaldu. Seaduse alusel t\u00f6\u00f6tlevad inimeste isikuandmeid n\u00e4iteks riigi ja kohaliku omavalitsuse asutused.<\/p>\n\n\n\n<p class=\"wp-el\">Andmete \u00fclekandmise \u00f5iguse tagamiseks peab andmet\u00f6\u00f6tleja isikuandmed edastama:<\/p>\n\n\n\n<ol class=\"wp-el wp-block-list\"><li>struktureeritult;<\/li><li>\u00fcldkasutatavas vormingus;<\/li><li>masinloetaval kujul.<\/li><\/ol>\n\n\n\n<p class=\"wp-el\">Et andmet\u00f6\u00f6tlejal oleks v\u00f5imalik nimetatud vormin\u00f5udeid t\u00e4ita, seab m\u00e4\u00e4rus lisatingimuse, mille kohaselt kuuluvad \u00fclekandmisele ainult need isikuandmed, mida andmet\u00f6\u00f6tleja t\u00f6\u00f6tleb automatiseeritult. Seega paberkandjatel olevad isikuandmed \u00fclekandmisele ei kuulu.<\/p>\n\n\n\n<p class=\"wp-el\">Samuti saab inimene n\u00f5uda, et \u00fcks andmet\u00f6\u00f6tleja edastaks andmed otse teisele andmet\u00f6\u00f6tlejale. Seda juhul, kui see on tehniliselt teostatav. See t\u00e4hendab, et kui inimene soovib n\u00e4iteks vahetada e-posti, panga v\u00f5i k\u00f5neteenuse pakkujat, on tal \u00f5igus n\u00f5uda, et senine teenusepakkuja edastab tehnilisel v\u00f5imalusel inimesega seotud isikuandmed otse uuele teenusepakkujale.<\/p>\n\n\n\n<p class=\"wp-el\">Samas ei t\u00e4henda andmete \u00fclekandmine uuele teenusepakkujale, et inimene peab oma kliendisuhte senise teenusepakkujaga l\u00f5petama. Samuti ei t\u00e4henda see automaatselt seda, et senine teenusepakkuja peab k\u00f5ik inimesega seotud isikuandmed kustutama (isegi kui kliendisuhe l\u00f5peb).[2]<\/p>\n\n\n\n<ul class=\"wp-el wp-block-list\"><li>\u00d5igus esitada vastuv\u00e4iteid ja automatiseeritud t\u00f6\u00f6tlusel p\u00f5hinevate \u00fcksikotsuste tegemine<\/li><\/ul>\n\n\n\n<p class=\"wp-el\">Isik saab n\u00f5uda, et tema kohta ei v\u00f5etaks vastu otsust, mis p\u00f5hineb automatiseeritud t\u00f6\u00f6tlusel, sealhulgas profiilianal\u00fc\u00fcsil. Vastav \u00f5igus tekib siis kui profileerimisel on teda puudutavad \u00f5iguslikud tagaj\u00e4rjed v\u00f5i see avaldab talle m\u00e4rkimisv\u00e4\u00e4rset m\u00f5ju. Sellised on n\u00e4iteks juhud, kui taotletakse veebip\u00f5hiselt laenu ja laenutaotlus l\u00fckatakse tagasi ilma inimsekkumiseta.<\/p>\n\n\n\n<h2 class=\"wp-el wp-block-heading\">Millised on Sinu kui andmet\u00f6\u00f6tleja kohustused?<\/h2>\n\n\n\n<ul class=\"wp-el wp-block-list\"><li>Andmet\u00f6\u00f6tleja on kohustatud andmete t\u00f6\u00f6tlemisele rakendama isikuandmete t\u00f6\u00f6tlemise p\u00f5him\u00f5tteid. Isikuandmete t\u00f6\u00f6tlemise p\u00f5him\u00f5tted on m\u00e4\u00e4ruses \u00fcldiselt s\u00e4testatud p\u00f5him\u00f5tted, milleks on n\u00e4iteks seaduslikkuse, \u00f5igluse, l\u00e4bipaistvuse ja v\u00f5imalikult v\u00e4heste andmete kogumise p\u00f5him\u00f5te.<\/li><li>Andmete t\u00f6\u00f6tleja peab isikuandmeid t\u00f6\u00f6tlema turvaliselt. Ettev\u00f5tjal on kohustus rakendada ohule vastava turvalisuse taseme tagamiseks asjakohaseid tehnilisi ja korralduslikke meetmeid. N\u00e4iteks on sellisteks meetmeteks isikuandmete kr\u00fcpteerimine. Isikuandmete kaitseks peab rakendama turvameetmeid, et kaitsta neid tahtmatu v\u00f5i volitamata t\u00f6\u00f6tlemise, &nbsp;avalikuks tuleku v\u00f5i h\u00e4vimise eest.<\/li><li>Andmet\u00f6\u00f6tlejal on kohustus esitada isikule teavet tema isikuandmete t\u00f6\u00f6tlemise tingimuste ning tema \u00f5iguste kohta. Andmet\u00f6\u00f6tleja peab isikut teavitama isikuandmete t\u00f6\u00f6tlemisest kokkuv\u00f5tlikult, selgelt, arusaadavalt ja lihtsalt k\u00e4ttesaadavas vormis, kasutades selget ja lihtsat keelt. Teave esitatakse kirjalikult v\u00f5i muude vahendite abil, sealhulgas asjakohasel juhul elektrooniliselt.<\/li><li>T\u00f6\u00f6tlemistoimingud tuleb registreerida. Ettev\u00f5tted v\u00f5i organisatsioonid, millel on \u00fcle 250 t\u00f6\u00f6taja, peavad pidama t\u00f6\u00f6tlemistoimingute registrit ja n\u00f5udmise korral tegema selle k\u00e4ttesaadavaks andmekaitse j\u00e4relevalveasutusele. Erandlikult peavad seda tegema ka v\u00e4iksemad ettev\u00f5tted v\u00f5i organisatsioonid, kui andmete t\u00f6\u00f6tlemine kujutab ohtu isiku \u00f5igustele ja vabadustele, andmete t\u00f6\u00f6tlemine ei ole juhtumip\u00f5hine, t\u00f6\u00f6deldakse eriliiki isikuandmeid v\u00f5i andmeid, mis on seotud s\u00fc\u00fcteoasjades s\u00fc\u00fcdim\u00f5istvate kohtuotsuste ja s\u00fc\u00fctegudega. Kohustus tuleneb m\u00e4\u00e4ruse artiklist 30.&nbsp;<strong>V\u00f5ib tunduda, et v\u00e4iksemad ettev\u00f5tted on sellisel juhul t\u00f6\u00f6tlemistoimingute registreerimisest p\u00e4\u00e4senud, kuid tegemist ei ole juhtumip\u00f5hise t\u00f6\u00f6tlemisega, kui toimingud on eelnevalt planeeritud, l\u00e4biviimine organiseeritud ja metoodiline ning andmete t\u00f6\u00f6tlemine on selgelt osa andmet\u00f6\u00f6tleja \u00e4rimudelist<\/strong>.&nbsp;<strong>Siia alla l\u00e4hevad n\u00e4iteks teenindusettev\u00f5tete lojaalsusprogrammid.<\/strong>&nbsp;Samuti on k\u00f5ik t\u00f6\u00f6andjad isikuandmete t\u00f6\u00f6tlejad (nt andmed t\u00f6\u00f6tajate, vabatahtlike, praktikantide, k\u00fclaliste kohta) ning ei t\u00f6\u00f6tle inspektsiooni hinnangul andmeid ainult juhtumip\u00f5hiselt. Seega ei tohi registrist v\u00e4lja j\u00e4tta ka organisatsiooni enda personali kohta k\u00e4ivate isikuandmete t\u00f6\u00f6tlemist.[3]<\/li><li>Laste isikuandmete kaitsmine. \u00dcldm\u00e4\u00e4ruse j\u00e4rgi v\u00e4\u00e4rivad just laste isikuandmed erilist kaitset, kuna lapsed ei pruugi olla piisavalt teadlikud asjaomastustest ohtudest, tagaj\u00e4rgedest ja kaitsemeetmetest ning oma \u00f5igustest seoses isikuandmete t\u00f6\u00f6tlemisega. Eestis kehtima hakkava uue isikuandmete kaitse seaduse j\u00e4rgi on lapse isikuandmete t\u00f6\u00f6tlemine info\u00fchiskonna teenuste pakkumisel seaduslik ainult juhul, kui laps on v\u00e4hemalt 14-aastane.<\/li><li>Andmekaitseametniku m\u00e4\u00e4ramise kohustus. \u00dcldm\u00e4\u00e4ruse kohaselt peavad teatud isikuandmete t\u00f6\u00f6tlejad m\u00e4\u00e4rama andmekaitsespetsialisti. Nendeks on:<\/li><li>avaliku sektori astused v\u00f5i organid \u2013<strong>ministeeriumid, ametid, inspektsioonid, \u00fcldhariduskoolid, linna- ja vallavalitsused;<\/strong><\/li><li>andmet\u00f6\u00f6tlejad, kelle p\u00f5hitegevuseks on ulatuslik andmesubjektide korrap\u00e4rane ja s\u00fcstemaatiline j\u00e4lgimine \u2013&nbsp;<strong>nt haiglad, kaubanduskeskuses turvateenust osutav ettev\u00f5te, krediidiasutused, kindlustusvahendajad, sideettev\u00f5tted, hotellid, personaliotsingu ja t\u00f6\u00f6j\u00f5urendi ettev\u00f5tted, t\u00f6\u00f6vahendusprotaalid;<\/strong><\/li><li>andmet\u00f6\u00f6tlejad, kelle p\u00f5hitegevuseks on eriliiku andmete ulatuslik t\u00f6\u00f6tlemine v\u00f5i s\u00fc\u00fcdim\u00f5istvate kohtuotsuste ja s\u00fc\u00fctegudega seotud isikuandmete ulatuslik t\u00f6\u00f6tlemine \u2013&nbsp;<strong>nt haiglad, perearstikeskused, terviseuuringute teostajad.&nbsp;[4]<\/strong><\/li><\/ul>\n\n\n\n<h2 class=\"wp-el wp-block-heading\">Vastutus<\/h2>\n\n\n\n<p class=\"wp-el\">\u00dcheks suuremaks muutuseks v\u00f5rreldes varasemalt kehtinud andmekaitse regulatsiooniga on trahvisummade suurenemine. Maksimaalne trahvisumma \u00fcldm\u00e4\u00e4ruses kehtestatud n\u00f5uete rikkumisel on 20 miljonit eurot v\u00f5i 4% ettev\u00f5tte \u00fclemaailmsest k\u00e4ibest vastavalt sellele, kumb on suurem. Kuid j\u00e4rgides eelnevalt v\u00e4lja toodud punkte ja viies oma ettev\u00f5ttes andmet\u00f6\u00f6tluse n\u00f5uetele vastavaks, ei tasu suurte trahvisummade p\u00e4rast siiski muretseda.<\/p>\n","protected":false},"excerpt":{"rendered":"<p>Andmekaitse reform 2016. aasta 14. aprillil kiitis Euroopa Parlament heaks isikuandmete kaitse \u00fcldm\u00e4\u00e4ruse, millega asendatakse senine andmekaitsedirektiiv. Uus m\u00e4\u00e4rus on&#8230;<\/p>\n","protected":false},"author":1,"featured_media":0,"parent":946,"menu_order":10,"comment_status":"closed","ping_status":"closed","template":"","meta":{"_acf_changed":false,"inline_featured_image":false,"footnotes":"","_links_to":"","_links_to_target":""},"class_list":["post-937","page","type-page","status-publish","hentry"],"acf":[],"_links":{"self":[{"href":"https:\/\/lmp.ee\/ru\/wp-json\/wp\/v2\/pages\/937","targetHints":{"allow":["GET"]}}],"collection":[{"href":"https:\/\/lmp.ee\/ru\/wp-json\/wp\/v2\/pages"}],"about":[{"href":"https:\/\/lmp.ee\/ru\/wp-json\/wp\/v2\/types\/page"}],"author":[{"embeddable":true,"href":"https:\/\/lmp.ee\/ru\/wp-json\/wp\/v2\/users\/1"}],"replies":[{"embeddable":true,"href":"https:\/\/lmp.ee\/ru\/wp-json\/wp\/v2\/comments?post=937"}],"version-history":[{"count":1,"href":"https:\/\/lmp.ee\/ru\/wp-json\/wp\/v2\/pages\/937\/revisions"}],"predecessor-version":[{"id":1209,"href":"https:\/\/lmp.ee\/ru\/wp-json\/wp\/v2\/pages\/937\/revisions\/1209"}],"up":[{"embeddable":true,"href":"https:\/\/lmp.ee\/ru\/wp-json\/wp\/v2\/pages\/946"}],"wp:attachment":[{"href":"https:\/\/lmp.ee\/ru\/wp-json\/wp\/v2\/media?parent=937"}],"curies":[{"name":"wp","href":"https:\/\/api.w.org\/{rel}","templated":true}]}}