{"id":946,"date":"2021-07-20T08:30:25","date_gmt":"2021-07-20T08:30:25","guid":{"rendered":"https:\/\/lmp.ee\/nouanded\/"},"modified":"2021-10-08T13:42:06","modified_gmt":"2021-10-08T10:42:06","slug":"nouanded","status":"publish","type":"page","link":"https:\/\/lmp.ee\/ru\/nouanded\/","title":{"rendered":"\u0421\u041e\u0412\u0415\u0422"},"content":{"rendered":"\n<p class=\"wp-el\">Siit leiate Advokaadib\u00fcroo LMP advokaatide ja juristide poolt koostatud praktilised n\u00f5uanded.<\/p>\n\n\n\n<p class=\"wp-el\"><strong>Tegemist on \u00fcldiste tegevusjuhistega ning need ei ole k\u00e4sitletavad \u00f5igusabina.<\/strong><\/p>\n\n\n<div id=\"acf-block_61010ffe2685b\" class=\"acf-block-element block-boxed-links\"><div class=\"row row-grid\"><div class=\"content-block col-12 col-sm-6 col-md-4\"><a href=\"https:\/\/lmp.ee\/nouanded\/andmekaitse\/\" class=\"position-relative h-100 d-flex flex-wrap align-items-center\" target=\"\"><span class=\"text-center w-100\"><p class=\"text-primary has-medium-font-size text-uppercase font-weight-bold\">Andmekaitse<\/p><\/span><\/a><\/div><div class=\"content-block col-12 col-sm-6 col-md-4\"><a href=\"https:\/\/lmp.ee\/nouanded\/arioigus\/\" class=\"position-relative h-100 d-flex flex-wrap align-items-center\" target=\"\"><span class=\"text-center w-100\"><p class=\"text-primary has-medium-font-size text-uppercase font-weight-bold\">\u00c4ri\u00f5igus<\/p><\/span><\/a><\/div><div class=\"content-block col-12 col-sm-6 col-md-4\"><a href=\"https:\/\/lmp.ee\/nouanded\/kinnisasjad\/\" class=\"position-relative h-100 d-flex flex-wrap align-items-center\" target=\"\"><span class=\"text-center w-100\"><p class=\"text-primary has-medium-font-size text-uppercase font-weight-bold\">Kinnisasjad<\/p><\/span><\/a><\/div><div class=\"content-block col-12 col-sm-6 col-md-4\"><a href=\"https:\/\/lmp.ee\/nouanded\/kohtumenetlus\/\" class=\"position-relative h-100 d-flex flex-wrap align-items-center\" target=\"\"><span class=\"text-center w-100\"><p class=\"text-primary has-medium-font-size text-uppercase font-weight-bold\">Kohtumenetlus<\/p><\/span><\/a><\/div><div class=\"content-block col-12 col-sm-6 col-md-4\"><a href=\"https:\/\/lmp.ee\/nouanded\/parimisoigus\/\" class=\"position-relative h-100 d-flex flex-wrap align-items-center\" target=\"\"><span class=\"text-center w-100\"><p class=\"text-primary has-medium-font-size text-uppercase font-weight-bold\">P\u00e4rimis\u00f5igus<\/p><\/span><\/a><\/div><div class=\"content-block col-12 col-sm-6 col-md-4\"><a href=\"https:\/\/lmp.ee\/nouanded\/perekonnaoigus\/\" class=\"position-relative h-100 d-flex flex-wrap align-items-center\" target=\"\"><span class=\"text-center w-100\"><p class=\"text-primary has-medium-font-size text-uppercase font-weight-bold\">Perekonna\u00f5igus<\/p><\/span><\/a><\/div><div class=\"content-block col-12 col-sm-6 col-md-4\"><a href=\"https:\/\/lmp.ee\/nouanded\/toooigus\/\" class=\"position-relative h-100 d-flex flex-wrap align-items-center\" target=\"\"><span class=\"text-center w-100\"><p class=\"text-primary has-medium-font-size text-uppercase font-weight-bold\">T\u00f6\u00f6\u00f5igus<\/p><\/span><\/a><\/div><div class=\"content-block col-12 col-sm-6 col-md-4\"><a href=\"https:\/\/lmp.ee\/nouanded\/volaoigus\/\" class=\"position-relative h-100 d-flex flex-wrap align-items-center\" target=\"\"><span class=\"text-center w-100\"><p class=\"text-primary has-medium-font-size text-uppercase font-weight-bold\">V\u00f5la\u00f5igus<\/p><\/span><\/a><\/div><\/div><\/div>","protected":false},"excerpt":{"rendered":"<p>Siit leiate Advokaadib\u00fcroo LMP advokaatide ja juristide poolt koostatud praktilised n\u00f5uanded. Tegemist on \u00fcldiste tegevusjuhistega ning need ei ole k\u00e4sitletavad&#8230;<\/p>\n","protected":false},"author":1,"featured_media":0,"parent":0,"menu_order":30,"comment_status":"closed","ping_status":"closed","template":"","meta":{"_acf_changed":false,"inline_featured_image":false,"footnotes":"","_links_to":"","_links_to_target":""},"class_list":["post-946","page","type-page","status-publish","hentry"],"acf":[],"_links":{"self":[{"href":"https:\/\/lmp.ee\/ru\/wp-json\/wp\/v2\/pages\/946","targetHints":{"allow":["GET"]}}],"collection":[{"href":"https:\/\/lmp.ee\/ru\/wp-json\/wp\/v2\/pages"}],"about":[{"href":"https:\/\/lmp.ee\/ru\/wp-json\/wp\/v2\/types\/page"}],"author":[{"embeddable":true,"href":"https:\/\/lmp.ee\/ru\/wp-json\/wp\/v2\/users\/1"}],"replies":[{"embeddable":true,"href":"https:\/\/lmp.ee\/ru\/wp-json\/wp\/v2\/comments?post=946"}],"version-history":[{"count":1,"href":"https:\/\/lmp.ee\/ru\/wp-json\/wp\/v2\/pages\/946\/revisions"}],"predecessor-version":[{"id":1191,"href":"https:\/\/lmp.ee\/ru\/wp-json\/wp\/v2\/pages\/946\/revisions\/1191"}],"wp:attachment":[{"href":"https:\/\/lmp.ee\/ru\/wp-json\/wp\/v2\/media?parent=946"}],"curies":[{"name":"wp","href":"https:\/\/api.w.org\/{rel}","templated":true}]}}