{"id":949,"date":"2021-07-20T08:30:02","date_gmt":"2021-07-20T08:30:02","guid":{"rendered":"https:\/\/lmp.ee\/inimesed\/"},"modified":"2024-12-11T16:35:34","modified_gmt":"2024-12-11T14:35:34","slug":"inimesed","status":"publish","type":"page","link":"https:\/\/lmp.ee\/ru\/inimesed\/","title":{"rendered":"\u041a\u043e\u043c\u0430\u043d\u0434\u0430"},"content":{"rendered":"\n<div class=\"wp-block-buttons is-content-justification-center is-layout-flex wp-block-buttons-is-layout-flex\">\n<div class=\"wp-block-button\"><a class=\"wp-block-button__link\" href=\"#contact-us\">\u0421\u0432\u044f\u0437\u0430\u0442\u044c\u0441\u044f \u0441 \u043d\u0430\u043c\u0438<\/a><\/div>\n\n\n\n<div class=\"wp-block-button\"><a class=\"wp-block-button__link\" href=\"https:\/\/lmp.ee\/teenused\/\">Vaata teenuseid<\/a><\/div>\n<\/div>\n\n<h2 class=\"has-text-align-center wp-el wp-block-heading\">LMP ADVOKAADID JA VANDEADVOKAADID<\/h2>\n\n<p class=\"has-text-align-center wp-el\">Kompetentsuse tagamiseks osalevad meie advokaadid, vandeadvokaadid ning juristid regulaarselt koolitustel ja seminaridel. Lisaks j\u00e4lgime, et meie meeskonna t\u00f6\u00f6koormus oleks m\u00f5istlik. Puhanud, motiveeritud ja kompetentsed advokaadid, vandeadvokaadid ning juristid on meie \u00f5igusabi kvaliteedi aluseks. V\u00e4\u00e4rtustame oma t\u00f6\u00f6tajaid, kes panustavad vabatahtliku ning sotsiaalse tegevusega \u00fchiskonda oma professionaalseid teadmisi kasutades.<\/p>\n","protected":false},"excerpt":{"rendered":"<p>LMP ADVOKAADID JA VANDEADVOKAADID Kompetentsuse tagamiseks osalevad meie advokaadid, vandeadvokaadid ning juristid regulaarselt koolitustel ja seminaridel. Lisaks j\u00e4lgime, et meie&#8230;<\/p>\n","protected":false},"author":1,"featured_media":0,"parent":0,"menu_order":20,"comment_status":"closed","ping_status":"closed","template":"","meta":{"_acf_changed":false,"inline_featured_image":false,"footnotes":"","_links_to":"","_links_to_target":""},"class_list":["post-949","page","type-page","status-publish","hentry"],"acf":[],"_links":{"self":[{"href":"https:\/\/lmp.ee\/ru\/wp-json\/wp\/v2\/pages\/949","targetHints":{"allow":["GET"]}}],"collection":[{"href":"https:\/\/lmp.ee\/ru\/wp-json\/wp\/v2\/pages"}],"about":[{"href":"https:\/\/lmp.ee\/ru\/wp-json\/wp\/v2\/types\/page"}],"author":[{"embeddable":true,"href":"https:\/\/lmp.ee\/ru\/wp-json\/wp\/v2\/users\/1"}],"replies":[{"embeddable":true,"href":"https:\/\/lmp.ee\/ru\/wp-json\/wp\/v2\/comments?post=949"}],"version-history":[{"count":3,"href":"https:\/\/lmp.ee\/ru\/wp-json\/wp\/v2\/pages\/949\/revisions"}],"predecessor-version":[{"id":3354,"href":"https:\/\/lmp.ee\/ru\/wp-json\/wp\/v2\/pages\/949\/revisions\/3354"}],"wp:attachment":[{"href":"https:\/\/lmp.ee\/ru\/wp-json\/wp\/v2\/media?parent=949"}],"curies":[{"name":"wp","href":"https:\/\/api.w.org\/{rel}","templated":true}]}}